{"id":12757,"date":"2020-06-21T21:41:26","date_gmt":"2020-06-22T03:41:26","guid":{"rendered":"http:\/\/aftpumps.com\/?post_type=product&#038;p=12757"},"modified":"2020-10-15T23:52:10","modified_gmt":"2020-10-16T05:52:10","slug":"athena-m3","status":"publish","type":"product","link":"https:\/\/aftpumps.com\/es\/producto\/athena-m3\/","title":{"rendered":"Athena AM3 60 GPD"},"content":{"rendered":"<h3>Caracter\u00edsticas Hidr\u00e1ulicas<\/h3>\n<ul>\n<li>Cabezal de PVDF: Resistente a una amplia variedad de qu\u00edmicos utilizados en la industria, potabilizaci\u00f3n y tratamiento de aguas.<\/li>\n<li>Cheques de Bola de Cer\u00e1mica: Fiabilidad de la dosicaci\u00f3n y compatibilidad qu\u00edmica.<\/li>\n<li>Diafragma de PTFE: Resistencia y compatibilidad con todos los productos qu\u00edmicos.<\/li>\n<li>V\u00e1lvula de purga manual.<\/li>\n<li>Caudal ajustable con ajuste desde el panel frontal.\n<ul>\n<li>Hasta 110 GPD @ 20 PSI (420 LPD a 1.4 bar)<\/li>\n<li>Presi\u00f3n M\u00e1xima Operaci\u00f3n: 230 PSI (16 bar)<\/li>\n<\/ul>\n<\/li>\n<\/ul>\n<h3 class=\"p1\">Caracter\u00edsticas El\u00e9ctricas<\/h3>\n<ul>\n<li class=\"p2\">Dosificaci\u00f3n constante: Alimentaci\u00f3n dual estabilizada 100 &#8211; 240 Vac 50\/60 Hz con bajo consumo.<\/li>\n<li class=\"p2\">Power-ON y LED alarma de nivel.<\/li>\n<li class=\"p2\">Protecci\u00f3n IP65<\/li>\n<\/ul>\n<p><strong>Proporcional:<\/strong><\/p>\n<ul>\n<li class=\"p2\">A una se\u00f1al digital (contador emisor de impulsos) con la posibilidad de multiplicar o dividir los impulsos recibidos (4:1 \u2013 1:1 \u2013 10:1 \u2013 1xN).<\/li>\n<li class=\"p2\">A una se\u00f1al anal\u00f3gica (4-20 mA) con la posibilidad de regular en porcentaje el caudal m\u00e1ximo regulaci\u00f3n manual del caudal 0-100 %<\/li>\n<\/ul>\n<p>&nbsp;<\/p>\n","protected":false},"excerpt":{"rendered":"<p class=\"p1\">La Dosificadora AFT Athena AM3 es fabricada con los m\u00e1s altos est\u00e1ndares de calidad que garantizan su durabilidad , confiabilidad y desempe\u00f1o. Su presi\u00f3n m\u00e1xima es la m\u00e1s alta en su gama y Cuenta con Voltaje Dual de selecci\u00f3n autom\u00e1tica. Por sus materiales es la opci\u00f3n ideal para la dosificaci\u00f3n exacta de una amplia variedad de qu\u00edmicos.<\/p>\n<h3 class=\"p1\">Aplicaciones<\/h3>\n<ul>\n<li class=\"p2\">Potabilizaci\u00f3n de Agua<\/li>\n<li class=\"p2\">Dosificaci\u00f3n en la Industria y Agroindustria<\/li>\n<li class=\"p2\">Torres de Enfriamiento<\/li>\n<li class=\"p2\">Dosificaci\u00f3n de Desinfectantes, Floculantes y Aditivos<\/li>\n<li class=\"p2\">Dosificaci\u00f3n Agr\u00edcola<\/li>\n<li class=\"p2\">Osmosis Inversa<\/li>\n<\/ul>\n<h3 class=\"p1\">Atributos de Valor<\/h3>\n<ul>\n<li class=\"p2\">Voltaje Dual de Selecci\u00f3n Autom\u00e1tica 115-230 VAC 60\/50 Hz.<\/li>\n<li class=\"p2\">Caudal Ajustable desde 60 Hasta 110 GPD (416 lpd)<br \/>\nPresi\u00f3n M\u00e1xima 230 PSI (16 bar)<\/li>\n<li class=\"p2\">Punta de Inyecci\u00f3n Incluida<\/li>\n<li class=\"p2\">Puerto de Sonda de Nivel, Se\u00f1al Digital y Anal\u00f3gica<\/li>\n<\/ul>\n<p><img decoding=\"async\" width=\"150\" height=\"106\" src=\"https:\/\/aftpumps.com\/wp-content\/uploads\/2020\/06\/CE-150x106.png\" alt=\"Conformit\u00e9e European\" style=\"width: 80px; height: auto;\" class=\"alignnone size-thumbnail wp-image-12897\" \/><\/p>\n<p><span class=\"s1\">[download id=\"12748\" template=\"buttong\"]<\/span><\/p>\n<p><span class=\"s1\">[download id=\"12968\" template=\"buttong\"]<\/span><\/p>\n<p><span class=\"s1\">[download id=\"12973\" template=\"buttong\"]<\/span><\/p>\n<p><span class=\"s1\">[download id=\"12977\" template=\"buttong\"]<\/span><\/p>\n","protected":false},"featured_media":12914,"template":"","meta":{"gtb_hide_title":false,"gtb_wrap_title":false,"gtb_class_title":"","gtb_remove_headerfooter":false},"product_brand":[],"product_cat":[128],"product_tag":[],"class_list":{"0":"post-12757","1":"product","2":"type-product","3":"status-publish","4":"has-post-thumbnail","6":"product_cat-bombas-dosificadoras","8":"first","9":"instock","10":"shipping-taxable","11":"product-type-simple"},"aioseo_notices":[],"_links":{"self":[{"href":"https:\/\/aftpumps.com\/es\/wp-json\/wp\/v2\/product\/12757","targetHints":{"allow":["GET"]}}],"collection":[{"href":"https:\/\/aftpumps.com\/es\/wp-json\/wp\/v2\/product"}],"about":[{"href":"https:\/\/aftpumps.com\/es\/wp-json\/wp\/v2\/types\/product"}],"wp:featuredmedia":[{"embeddable":true,"href":"https:\/\/aftpumps.com\/es\/wp-json\/wp\/v2\/media\/12914"}],"wp:attachment":[{"href":"https:\/\/aftpumps.com\/es\/wp-json\/wp\/v2\/media?parent=12757"}],"wp:term":[{"taxonomy":"product_brand","embeddable":true,"href":"https:\/\/aftpumps.com\/es\/wp-json\/wp\/v2\/product_brand?post=12757"},{"taxonomy":"product_cat","embeddable":true,"href":"https:\/\/aftpumps.com\/es\/wp-json\/wp\/v2\/product_cat?post=12757"},{"taxonomy":"product_tag","embeddable":true,"href":"https:\/\/aftpumps.com\/es\/wp-json\/wp\/v2\/product_tag?post=12757"}],"curies":[{"name":"wp","href":"https:\/\/api.w.org\/{rel}","templated":true}]}}