{"id":12769,"date":"2020-06-21T21:58:31","date_gmt":"2020-06-22T03:58:31","guid":{"rendered":"http:\/\/aftpumps.com\/?post_type=product&#038;p=12769"},"modified":"2020-10-15T23:51:12","modified_gmt":"2020-10-16T05:51:12","slug":"hydra-bl","status":"publish","type":"product","link":"https:\/\/aftpumps.com\/es\/producto\/hydra-bl\/","title":{"rendered":"Hydra BL 30 GPD"},"content":{"rendered":"<h4 class=\"p1\">Caracter\u00edsticas Hidr\u00e1ulicas<\/h4>\n<ul>\n<li class=\"p2\">Bomba anal\u00f3gica con regulaci\u00f3n manual 0-100%<\/li>\n<li class=\"p2\">Hasta 30 GPD (120 lpd) y hasta 115 PSI (8 bar).<\/li>\n<li class=\"p2\">Cabezal en PVDF-C (PVC + PVDF, con mejor resistencia qu\u00edmica y mec\u00e1nica que el PVC).<\/li>\n<li class=\"p2\">Cheques de bola de cer\u00e1mica para fiabilidad de la dosificaci\u00f3n y amplia compatibilidad qu\u00edmica.<\/li>\n<li class=\"p2\">Diafragma en PTFE para mayor resistencia y amplia compatibilidad qu\u00edmica.<\/li>\n<li class=\"p2\">V\u00e1lvula de Purga Manual.<\/li>\n<li class=\"p2\">Montaje en pared con soporte de fijaci\u00f3n incluido.<\/li>\n<\/ul>\n<h4 class=\"p1\">Caracter\u00edsticas El\u00e9ctricas<\/h4>\n<ul>\n<li class=\"p2\">LED indicador de funcionamiento y con predisposici\u00f3n para sonda de nivel.<\/li>\n<li class=\"p2\">Voltaje dual 110-230 VAC 50\/60 HZ<\/li>\n<li class=\"p2\">Protecci\u00f3n IP65<\/li>\n<\/ul>\n<p>&nbsp;<\/p>\n","protected":false},"excerpt":{"rendered":"<p class=\"p1\">La Dosificadora AFT Hydra BL es fabricada con los m\u00e1s altos est\u00e1ndares de calidad que garantizan su durabilidad, confiabilidad y desempe\u00f1o. Su presi\u00f3n m\u00e1xima es la m\u00e1s alta en su gama y Cuenta con Voltaje Dual de selecci\u00f3n autom\u00e1tica. Por sus materiales es la opci\u00f3n ideal para la dosificaci\u00f3n exacta de una amplia variedad de qu\u00edmicos.<\/p>\n<h3 class=\"p1\">Aplicaciones<\/h3>\n<ul>\n<li class=\"p2\">Potabilizaci\u00f3n de agua<\/li>\n<li class=\"p2\">Dosificaci\u00f3n en la Industria y Agroindustria<\/li>\n<li class=\"p2\">Torres de Enfriamiento<\/li>\n<li class=\"p2\">Dosificaci\u00f3n de Desinfectantes, Floculantes y Aditivos<\/li>\n<li class=\"p2\">Dosificaci\u00f3n Agr\u00edcola<\/li>\n<\/ul>\n<h3 class=\"p1\">Atributos de valor<\/h3>\n<ul>\n<li class=\"p2\">Voltaje Dual de Selecci\u00f3n Autom\u00e1tica 115-230 VAC 60\/50 Hz.<\/li>\n<li class=\"p2\">Hasta 30GPD (120 lpd) <\/li>\n<li class=\"p2\">Presi\u00f3n M\u00e1xima 115 PSI (8 bar)<\/li>\n<li class=\"p2\">Punta de Inyecci\u00f3n Incluida<\/li>\n<li class=\"p2\">Puerto de Sonda de Nivel <\/li>\n<\/ul>\n<p><img decoding=\"async\" width=\"150\" height=\"106\" src=\"https:\/\/aftpumps.com\/wp-content\/uploads\/2020\/06\/CE-150x106.png\" alt=\"Conformit\u00e9e European\" style=\"width: 80px; height: auto;\" class=\"alignnone size-thumbnail wp-image-12897\" \/><\/p>\n<p><span class=\"s1\">[download id=\"12750\" template=\"buttong\"]<\/span><\/p>\n<p><span class=\"s1\">[download id=\"12968\" template=\"buttong\"]<\/span><\/p>\n<p><span class=\"s1\">[download id=\"12973\" template=\"buttong\"]<\/span><\/p>\n<p><span class=\"s1\">[download id=\"12977\" template=\"buttong\"]<\/span><\/p>\n","protected":false},"featured_media":12910,"template":"","meta":{"gtb_hide_title":false,"gtb_wrap_title":false,"gtb_class_title":"","gtb_remove_headerfooter":false},"product_brand":[],"product_cat":[128],"product_tag":[],"class_list":{"0":"post-12769","1":"product","2":"type-product","3":"status-publish","4":"has-post-thumbnail","6":"product_cat-bombas-dosificadoras","8":"first","9":"instock","10":"shipping-taxable","11":"product-type-simple"},"aioseo_notices":[],"_links":{"self":[{"href":"https:\/\/aftpumps.com\/es\/wp-json\/wp\/v2\/product\/12769","targetHints":{"allow":["GET"]}}],"collection":[{"href":"https:\/\/aftpumps.com\/es\/wp-json\/wp\/v2\/product"}],"about":[{"href":"https:\/\/aftpumps.com\/es\/wp-json\/wp\/v2\/types\/product"}],"wp:featuredmedia":[{"embeddable":true,"href":"https:\/\/aftpumps.com\/es\/wp-json\/wp\/v2\/media\/12910"}],"wp:attachment":[{"href":"https:\/\/aftpumps.com\/es\/wp-json\/wp\/v2\/media?parent=12769"}],"wp:term":[{"taxonomy":"product_brand","embeddable":true,"href":"https:\/\/aftpumps.com\/es\/wp-json\/wp\/v2\/product_brand?post=12769"},{"taxonomy":"product_cat","embeddable":true,"href":"https:\/\/aftpumps.com\/es\/wp-json\/wp\/v2\/product_cat?post=12769"},{"taxonomy":"product_tag","embeddable":true,"href":"https:\/\/aftpumps.com\/es\/wp-json\/wp\/v2\/product_tag?post=12769"}],"curies":[{"name":"wp","href":"https:\/\/api.w.org\/{rel}","templated":true}]}}