{"id":13179,"date":"2021-01-19T09:32:26","date_gmt":"2021-01-19T15:52:36","guid":{"rendered":"http:\/\/aftpumps.com\/product\/serie-rp50-s\/"},"modified":"2021-02-08T17:25:21","modified_gmt":"2021-02-08T23:25:21","slug":"serie-rp50-s","status":"publish","type":"product","link":"https:\/\/aftpumps.com\/es\/producto\/serie-rp50-s\/","title":{"rendered":"Serie RP50-S"},"content":{"rendered":"<h4>Especificaciones<\/h4>\n<ul>\n<li>Presi\u00f3n m\u00e1xima: 60 bar \/ 860 psi \/ 6 Mpa<\/li>\n<li>Volumen del dep\u00f3sito: 12 ltrs<\/li>\n<li>Conexi\u00f3n de salida: R 1\/2&#8243;<\/li>\n<li>Fluido de comprobaci\u00f3n: Agua, aceite<\/li>\n<li>Temperatura m\u00e1xima: 50\u00b0C &#8211; 120\u00b0F<\/li>\n<li>Peso: 8kg<\/li>\n<li>Dimensiones: 720 x 170 x 260 mm<\/li>\n<\/ul>\n","protected":false},"excerpt":{"rendered":"<h3>Bomba para pruebas hidrost\u00e1ticas<\/h3>\n<p>La bomba para pruebas hidrost\u00e1ticas RP-50S es pr\u00e1ctica y port\u00e1til para garantizar la hermeticidad en redes de tuber\u00edas de PVC, hierro o cobre. Robusta pero liviana a la vez, con capacidad de hasta 60 bar (860 PSI).<\/p>\n[download id=\"13180\" template=\"buttong\"]\n","protected":false},"featured_media":13175,"template":"","meta":{"gtb_hide_title":false,"gtb_wrap_title":false,"gtb_class_title":"","gtb_remove_headerfooter":false},"product_brand":[],"product_cat":[145],"product_tag":[],"class_list":{"0":"post-13179","1":"product","2":"type-product","3":"status-publish","4":"has-post-thumbnail","6":"product_cat-bomba-para-pruebas-hidrostaticas","8":"first","9":"instock","10":"shipping-taxable","11":"product-type-simple"},"aioseo_notices":[],"_links":{"self":[{"href":"https:\/\/aftpumps.com\/es\/wp-json\/wp\/v2\/product\/13179","targetHints":{"allow":["GET"]}}],"collection":[{"href":"https:\/\/aftpumps.com\/es\/wp-json\/wp\/v2\/product"}],"about":[{"href":"https:\/\/aftpumps.com\/es\/wp-json\/wp\/v2\/types\/product"}],"wp:featuredmedia":[{"embeddable":true,"href":"https:\/\/aftpumps.com\/es\/wp-json\/wp\/v2\/media\/13175"}],"wp:attachment":[{"href":"https:\/\/aftpumps.com\/es\/wp-json\/wp\/v2\/media?parent=13179"}],"wp:term":[{"taxonomy":"product_brand","embeddable":true,"href":"https:\/\/aftpumps.com\/es\/wp-json\/wp\/v2\/product_brand?post=13179"},{"taxonomy":"product_cat","embeddable":true,"href":"https:\/\/aftpumps.com\/es\/wp-json\/wp\/v2\/product_cat?post=13179"},{"taxonomy":"product_tag","embeddable":true,"href":"https:\/\/aftpumps.com\/es\/wp-json\/wp\/v2\/product_tag?post=13179"}],"curies":[{"name":"wp","href":"https:\/\/api.w.org\/{rel}","templated":true}]}}