{"id":13248,"date":"2021-03-24T09:27:49","date_gmt":"2021-03-24T15:38:13","guid":{"rendered":"https:\/\/aftpumps.com\/product\/cable-sumergible\/"},"modified":"2021-03-25T15:52:02","modified_gmt":"2021-03-25T21:52:02","slug":"cable-sumergible","status":"publish","type":"product","link":"https:\/\/aftpumps.com\/es\/producto\/cable-sumergible\/","title":{"rendered":"Cable Sumergible"},"content":{"rendered":"<ul class=\"list-group\">\n<li class=\"list-group-item\">Cable plano en 3 hilos<\/li>\n<li class=\"list-group-item\">Temperatura ambiente h\u00famedo 75\u00b0C \/ seco 90\u00b0C<\/li>\n<li class=\"list-group-item\">Material de aislamiento Polietileno (PE)<\/li>\n<li class=\"list-group-item\">Cubierta externa Policloruro de vinilo (PVC)<\/li>\n<li class=\"list-group-item\">Conductores Flexibles de cobre suave<\/li>\n<\/ul>\n","protected":false},"excerpt":{"rendered":"<p>Los cables sumergibles planos de 600 y 1000 V est\u00e1n dise\u00f1ados para conexiones en agua a diferentes profundidades y bajo diferentes grados de presi\u00f3n, usados en una gran variedad conexiones a motores, poseen respaldo y garant\u00eda de la marca AFT.<\/p>\n<h3>Aplicaciones<\/h3>\n<ul class=\"list\">\n<li>Alimentacio\u0301n de equipos de bombeo sumergible en pozos meca\u0301nicos y artesanales<\/li>\n<\/ul>\n[download id=\"13253\" template=\"buttong\"]\n","protected":false},"featured_media":13247,"template":"","meta":{"gtb_hide_title":false,"gtb_wrap_title":false,"gtb_class_title":"","gtb_remove_headerfooter":false},"product_brand":[],"product_cat":[151],"product_tag":[],"class_list":{"0":"post-13248","1":"product","2":"type-product","3":"status-publish","4":"has-post-thumbnail","6":"product_cat-cable-sumergible","8":"first","9":"instock","10":"shipping-taxable","11":"product-type-simple"},"aioseo_notices":[],"_links":{"self":[{"href":"https:\/\/aftpumps.com\/es\/wp-json\/wp\/v2\/product\/13248","targetHints":{"allow":["GET"]}}],"collection":[{"href":"https:\/\/aftpumps.com\/es\/wp-json\/wp\/v2\/product"}],"about":[{"href":"https:\/\/aftpumps.com\/es\/wp-json\/wp\/v2\/types\/product"}],"wp:featuredmedia":[{"embeddable":true,"href":"https:\/\/aftpumps.com\/es\/wp-json\/wp\/v2\/media\/13247"}],"wp:attachment":[{"href":"https:\/\/aftpumps.com\/es\/wp-json\/wp\/v2\/media?parent=13248"}],"wp:term":[{"taxonomy":"product_brand","embeddable":true,"href":"https:\/\/aftpumps.com\/es\/wp-json\/wp\/v2\/product_brand?post=13248"},{"taxonomy":"product_cat","embeddable":true,"href":"https:\/\/aftpumps.com\/es\/wp-json\/wp\/v2\/product_cat?post=13248"},{"taxonomy":"product_tag","embeddable":true,"href":"https:\/\/aftpumps.com\/es\/wp-json\/wp\/v2\/product_tag?post=13248"}],"curies":[{"name":"wp","href":"https:\/\/api.w.org\/{rel}","templated":true}]}}