{"id":13332,"date":"2021-07-04T21:12:18","date_gmt":"2021-07-05T03:12:19","guid":{"rendered":"https:\/\/aftpumps.com\/?post_type=product&#038;p=13332"},"modified":"2021-07-04T21:37:03","modified_gmt":"2021-07-05T03:37:03","slug":"as-400-series","status":"publish","type":"product","link":"https:\/\/aftpumps.com\/es\/producto\/as-400-series\/","title":{"rendered":"Serie AS 400"},"content":{"rendered":"<h4>Especificaciones<\/h4>\n<ul>\n<li>Construcci\u00f3n de acero inoxidable 304<\/li>\n<li>Impulsores y difusores hidr\u00e1ulicos de alta eficiencia de alta eficacia<\/li>\n<li>Eje de acero inoxidable AISI 431<\/li>\n<li>Descarga NPT y succi\u00f3n con rejilla en acero inoxidable de gran durabilidad.<\/li>\n<li>V\u00e1lvula de cheque incorporada para un funcionamiento sin problemas<\/li>\n<li>Acople perfecto de motores sumergibles con acoplamiento NEMA est\u00e1ndar<\/li>\n<li>Materiales 100% libres de plomo de acuerdo con las normas sanitarias internacionales<\/li>\n<li>Protector de cable de bajo perfil para su uso en pozos estrechos<\/li>\n<li>Amplio rango de rendimiento de caudal y carga<\/li>\n<li>Bujes de alta calidad proveen baja fricci\u00f3n y alta resistencia a la abrasi\u00f3n.<\/li>\n<\/ul>\n","protected":false},"excerpt":{"rendered":"<p>Las bombas sumergibles AFT de la Serie AS en acero inoxidable son fabricadas con los mejores materiales y han sido desarrolladas para obtener altas eficiencias hidr\u00e1ulicas, un funcionamiento confiable y gran durabilidad. Est\u00e1n dise\u00f1adas para bombeo de agua y l\u00edquidos no corrosivos ni abrasivos.<\/p>\n<h3>Aplicaciones<\/h3>\n<ul>\n<li>Pozos mec\u00e1nicos<\/li>\n<li>Aplicaciones industriales y agr\u00edcolas<\/li>\n<li>Sistemas boosyrt<\/li>\n<li>Aplicaciones municipales de agua potable<\/li>\n<li>Condiciones de uso pesado<\/li>\n<li>Drenaje en minas y construcci\u00f3n<\/li>\n<\/ul>\n<p><img decoding=\"async\" width=\"150\" height=\"150\" src=\"https:\/\/aftpumps.com\/wp-content\/uploads\/2020\/04\/c-csa-us-logo-T-150x150.png\" alt=\"Csa\" style=\"width: 80px; height: auto;\" class=\"alignnone size-thumbnail wp-image-12555\" srcset=\"https:\/\/aftpumps.com\/wp-content\/uploads\/2020\/04\/c-csa-us-logo-T-150x150.png 150w, https:\/\/aftpumps.com\/wp-content\/uploads\/2020\/04\/c-csa-us-logo-T-100x100.png 100w\" sizes=\"(max-width: 150px) 100vw, 150px\" \/> <img decoding=\"async\" width=\"150\" height=\"106\" src=\"https:\/\/aftpumps.com\/wp-content\/uploads\/2020\/06\/CE-150x106.png\" alt=\"Conformit\u00e9e European\" style=\"width: 80px; height: auto;\" class=\"alignnone size-thumbnail wp-image-12897\"><\/p>\n[download id=\"13337\" template=\"buttong\"]\n","protected":false},"featured_media":13334,"template":"","meta":{"gtb_hide_title":false,"gtb_wrap_title":false,"gtb_class_title":"","gtb_remove_headerfooter":false},"product_brand":[],"product_cat":[76,77],"product_tag":[],"class_list":{"0":"post-13332","1":"product","2":"type-product","3":"status-publish","4":"has-post-thumbnail","6":"product_cat-bombas-sumergibles","7":"product_cat-serie-as","9":"first","10":"instock","11":"featured","12":"shipping-taxable","13":"product-type-simple"},"aioseo_notices":[],"_links":{"self":[{"href":"https:\/\/aftpumps.com\/es\/wp-json\/wp\/v2\/product\/13332","targetHints":{"allow":["GET"]}}],"collection":[{"href":"https:\/\/aftpumps.com\/es\/wp-json\/wp\/v2\/product"}],"about":[{"href":"https:\/\/aftpumps.com\/es\/wp-json\/wp\/v2\/types\/product"}],"wp:featuredmedia":[{"embeddable":true,"href":"https:\/\/aftpumps.com\/es\/wp-json\/wp\/v2\/media\/13334"}],"wp:attachment":[{"href":"https:\/\/aftpumps.com\/es\/wp-json\/wp\/v2\/media?parent=13332"}],"wp:term":[{"taxonomy":"product_brand","embeddable":true,"href":"https:\/\/aftpumps.com\/es\/wp-json\/wp\/v2\/product_brand?post=13332"},{"taxonomy":"product_cat","embeddable":true,"href":"https:\/\/aftpumps.com\/es\/wp-json\/wp\/v2\/product_cat?post=13332"},{"taxonomy":"product_tag","embeddable":true,"href":"https:\/\/aftpumps.com\/es\/wp-json\/wp\/v2\/product_tag?post=13332"}],"curies":[{"name":"wp","href":"https:\/\/api.w.org\/{rel}","templated":true}]}}