{"id":13530,"date":"2022-03-16T17:06:44","date_gmt":"2022-03-16T23:41:12","guid":{"rendered":"https:\/\/aftpumps.com\/product\/bomba-vertical-multietapas-aftvm\/"},"modified":"2023-09-19T17:01:13","modified_gmt":"2023-09-19T23:01:13","slug":"serie-aftvm","status":"publish","type":"product","link":"https:\/\/aftpumps.com\/es\/producto\/serie-aftvm\/","title":{"rendered":"Serie AFTVM"},"content":{"rendered":"<ul>\n<li>Motor Est\u00e1ndar: Tipo TEFC (Totalmente cerrado con ventilador exterior)<\/li>\n<li>2 polos, 3 Fases, 230\/460V 3 fases<\/li>\n<li>Protecci\u00f3n IP55<\/li>\n<li>Aislamiento Clase F<\/li>\n<\/ul>\n<hr \/>\n<p>NOTA: Motores ODP y WP1 disponibles bajo pedido especial<\/p>\n","protected":false},"excerpt":{"rendered":"<p>Las bombas AFTVM tienen diferentes tama\u00f1os y varios n\u00fameros de etapas para proporcionar el flujo y la presi\u00f3n requerida.<\/p>\n<p>Las bombas verticales multietapa son bombas de alto rendimiento sin cebado autom\u00e1tico con dise\u00f1o en l\u00ednea, brida o con acoplamiento Victaulic con puertos de succi\u00f3n y descarga de igual tama\u00f1o para asegurar presi\u00f3n de agua en la red<\/p>\n<p>Construcci\u00f3n con impulsores, c\u00e1mara y carcasa en acero inoxidable. Todas las bombas est\u00e1n equipadas con un sello mec\u00e1nico tipo cartucho para un f\u00e1cil mantenimiento.<\/p>\n<h4>Aplicaciones:<\/h4>\n<ul>\n<li>Sistemas de presi\u00f3n constante<\/li>\n<li>Sistemas de \u00f3smosis inversa<\/li>\n<li>Sistemas de destilaci\u00f3n<\/li>\n<li>Sistemas de riego<\/li>\n<li>Sistemas contra incendio<\/li>\n<li>Sistemas de aire acondicionado<\/li>\n<li>Sistemas de condensaci\u00f3n<\/li>\n<li>Sistemas de lavado de alta presi\u00f3n<\/li>\n<li>Sistemas de suministro de agua limpia<\/li>\n<li>Sistemas de alimentaci\u00f3n a calderas<\/li>\n<\/ul>\n[download id=\"13564\" template=\"buttong\"]\n[download id=\"13735\" template=\"buttong\"]\n","protected":false},"featured_media":13544,"template":"","meta":{"gtb_hide_title":false,"gtb_wrap_title":false,"gtb_class_title":"","gtb_remove_headerfooter":false},"product_brand":[],"product_cat":[161],"product_tag":[],"class_list":{"0":"post-13530","1":"product","2":"type-product","3":"status-publish","4":"has-post-thumbnail","6":"product_cat-bomba-vertical-multietapas","8":"first","9":"instock","10":"shipping-taxable","11":"product-type-simple"},"aioseo_notices":[],"_links":{"self":[{"href":"https:\/\/aftpumps.com\/es\/wp-json\/wp\/v2\/product\/13530","targetHints":{"allow":["GET"]}}],"collection":[{"href":"https:\/\/aftpumps.com\/es\/wp-json\/wp\/v2\/product"}],"about":[{"href":"https:\/\/aftpumps.com\/es\/wp-json\/wp\/v2\/types\/product"}],"wp:featuredmedia":[{"embeddable":true,"href":"https:\/\/aftpumps.com\/es\/wp-json\/wp\/v2\/media\/13544"}],"wp:attachment":[{"href":"https:\/\/aftpumps.com\/es\/wp-json\/wp\/v2\/media?parent=13530"}],"wp:term":[{"taxonomy":"product_brand","embeddable":true,"href":"https:\/\/aftpumps.com\/es\/wp-json\/wp\/v2\/product_brand?post=13530"},{"taxonomy":"product_cat","embeddable":true,"href":"https:\/\/aftpumps.com\/es\/wp-json\/wp\/v2\/product_cat?post=13530"},{"taxonomy":"product_tag","embeddable":true,"href":"https:\/\/aftpumps.com\/es\/wp-json\/wp\/v2\/product_tag?post=13530"}],"curies":[{"name":"wp","href":"https:\/\/api.w.org\/{rel}","templated":true}]}}