{"id":1364,"date":"2019-07-17T09:38:24","date_gmt":"2019-07-17T15:38:24","guid":{"rendered":"http:\/\/aftpumps.com\/product\/serie-as-150\/"},"modified":"2020-09-08T23:08:08","modified_gmt":"2020-09-09T05:08:08","slug":"serie-as-150","status":"publish","type":"product","link":"https:\/\/aftpumps.com\/es\/producto\/serie-as-150\/","title":{"rendered":"Serie AS 150"},"content":{"rendered":"<h4>Caracter\u00edsticas<\/h4>\n<ul>\n<li>Construcci\u00f3n en acero inoxidable 304<\/li>\n<li>Impulsores y difusores de uso pesado de alta eficiencia hidr\u00e1ulica<\/li>\n<li>Eje en acero inoxidable AISI 431<\/li>\n<li>Descarga NPT y succi\u00f3n con rejilla en acero inoxidable de gran durabilidad.<\/li>\n<li>V\u00e1lvula de cheque incorporada para una operaci\u00f3n libre de problemas<\/li>\n<li>Acople perfecto de motores sumergibles con acople NEMA est\u00e1ndar<\/li>\n<li>Materiales 100% libre de plomo acorde a normas sanitarias internacionales<\/li>\n<li>Proyector de cable de bajo perfil para uso en pozos estrechos<\/li>\n<li>Amplio rango de rendimientos en caudal y carga<\/li>\n<li>Bujes de alta calidad proveen fricci\u00f3n y alta resistencia a la abrasi\u00f3n<\/li>\n<\/ul>\n<h4>Operating conditions<\/h4>\n<ul>\n<li>Temperatura m\u00e1xima de l\u00edquido bombeado: 30\u00b0C<\/li>\n<li>M\u00e1ximo contenido de arena: 50 gramos\/litro (0.41 lbs\/gal)<\/li>\n<\/ul>\n","protected":false},"excerpt":{"rendered":"<p>Las bombas sumergibles AFT de la serie AS en acero inoxidable son fabricadas con los mejores materiales y han sido desarrolladas para obtener altas eficiencias hidr\u00e1ulicas, un funcionamiento confiable y gran durabilidad. Est\u00e1n dise\u00f1adas para bombeo de agua y l\u00edquidos no corrosivos ni abrasivos.<\/p>\n<h3>Aplicaciones<\/h3>\n<ul>\n<li>Pozos mec\u00e1nicos profundos<\/li>\n<li>Aplicaciones industriales y agr\u00edcolas<\/li>\n<li>Sistemas Booster<\/li>\n<li>Aplicaciones municipales de agua potable <\/li>\n<li>Condiciones de uso pesado<\/li>\n<li>Drenaje en minas y construcci\u00f3n.<\/li>\n<\/ul>\n<p><img decoding=\"async\" width=\"150\" height=\"150\" src=\"https:\/\/aftpumps.com\/wp-content\/uploads\/2020\/04\/c-csa-us-logo-T-150x150.png\" alt=\"CSA\" style=\"width: 80px; height: auto;\" class=\"alignnone size-thumbnail wp-image-12555\" srcset=\"https:\/\/aftpumps.com\/wp-content\/uploads\/2020\/04\/c-csa-us-logo-T-150x150.png 150w, https:\/\/aftpumps.com\/wp-content\/uploads\/2020\/04\/c-csa-us-logo-T-100x100.png 100w\" sizes=\"(max-width: 150px) 100vw, 150px\" \/> <img decoding=\"async\" width=\"150\" height=\"106\" src=\"https:\/\/aftpumps.com\/wp-content\/uploads\/2020\/06\/CE-150x106.png\" alt=\"Conformit\u00e9e European\" style=\"width: 80px; height: auto;\" class=\"alignnone size-thumbnail wp-image-12897\" \/><\/p>\n[download id=\"472\" template=\"buttong\"]\n","protected":false},"featured_media":6613,"template":"","meta":{"gtb_hide_title":false,"gtb_wrap_title":false,"gtb_class_title":"","gtb_remove_headerfooter":false},"product_brand":[],"product_cat":[76,77],"product_tag":[],"class_list":{"0":"post-1364","1":"product","2":"type-product","3":"status-publish","4":"has-post-thumbnail","6":"product_cat-bombas-sumergibles","7":"product_cat-serie-as","9":"first","10":"instock","11":"shipping-taxable","12":"product-type-simple"},"aioseo_notices":[],"_links":{"self":[{"href":"https:\/\/aftpumps.com\/es\/wp-json\/wp\/v2\/product\/1364","targetHints":{"allow":["GET"]}}],"collection":[{"href":"https:\/\/aftpumps.com\/es\/wp-json\/wp\/v2\/product"}],"about":[{"href":"https:\/\/aftpumps.com\/es\/wp-json\/wp\/v2\/types\/product"}],"wp:featuredmedia":[{"embeddable":true,"href":"https:\/\/aftpumps.com\/es\/wp-json\/wp\/v2\/media\/6613"}],"wp:attachment":[{"href":"https:\/\/aftpumps.com\/es\/wp-json\/wp\/v2\/media?parent=1364"}],"wp:term":[{"taxonomy":"product_brand","embeddable":true,"href":"https:\/\/aftpumps.com\/es\/wp-json\/wp\/v2\/product_brand?post=1364"},{"taxonomy":"product_cat","embeddable":true,"href":"https:\/\/aftpumps.com\/es\/wp-json\/wp\/v2\/product_cat?post=1364"},{"taxonomy":"product_tag","embeddable":true,"href":"https:\/\/aftpumps.com\/es\/wp-json\/wp\/v2\/product_tag?post=1364"}],"curies":[{"name":"wp","href":"https:\/\/api.w.org\/{rel}","templated":true}]}}