{"id":13734,"date":"2023-09-13T18:02:21","date_gmt":"2023-09-14T00:20:46","guid":{"rendered":"https:\/\/aftpumps.com\/product\/serie-5afp\/"},"modified":"2023-09-19T17:44:42","modified_gmt":"2023-09-19T23:44:42","slug":"serie-5afp","status":"publish","type":"product","link":"https:\/\/aftpumps.com\/es\/producto\/serie-5afp\/","title":{"rendered":"Serie 5AFP"},"content":{"rendered":"<ul>\n<li>Construcci\u00f3n aluminio fundido resistente a la corrosi\u00f3n<\/li>\n<li>Motor PSC de 1\/6 HP energ\u00e9ticamente eficiente con devanado de cobre de protecci\u00f3n contra sobrecarga t\u00e9rmica<\/li>\n<li>Cojinetes de bola superior e inferior para mayor durabilidad<\/li>\n<li>Eje de acero inoxidable 420<\/li>\n<li>Sello mec\u00e1nico de cer\u00e1mica y silic\u00f3n<\/li>\n<li>Descarga NPT de 1\u00bb con adaptador para manguera de jard\u00edn de \u00be\u201d<\/li>\n<li>Impulsor semi abierto tipo vortex y voluta en termopl\u00e1stico reforzado<\/li>\n<li>Capacidad de bombeo de s\u00f3lidos de hasta 3mm (1\/8\u201d) en cantidades moderadas<\/li>\n<li>Cable conector con espiga SJTW 18 AWG Largo: 10.5 pies (3.2 metros)<\/li>\n<\/ul>\n","protected":false},"excerpt":{"rendered":"<p>Nuestra Bomba de Fuente y Drenaje 5-AFP, est\u00e1 construida con materiales robustos y fabricada con altos est\u00e1ndares de calidad.<br \/>\nDise\u00f1ada para uso en aplicaciones de transferencia de agua limpia.<\/p>\n<h4>Aplicaciones:<\/h4>\n<ul>\n<li>B\u00facaros y fuentes decorativas<\/li>\n<li>Drenaje de s\u00f3tanos<\/li>\n<li>Drenado de tanques y piscinas<\/li>\n<li>Trasiego de agua y m\u00e1s<\/li>\n<\/ul>\n<p><img decoding=\"async\" class=\"alignnone  wp-image-13746\" src=\"https:\/\/aftpumps.com\/wp-content\/uploads\/2023\/09\/UL-150x106.png\" alt=\"\" width=\"81\" height=\"57\" \/><img decoding=\"async\" width=\"150\" height=\"106\" class=\"alignnone size-thumbnail wp-image-12897\" style=\"width: 80px; height: auto;\" src=\"https:\/\/aftpumps.com\/wp-content\/uploads\/2020\/06\/CE-150x106.png\" alt=\"Conformit\u00e9e European\" \/><\/p>\n[download id=\"13730\" template=\"buttong\"]\n[download id=\"13742\" template=\"buttong\"]\n","protected":false},"featured_media":13724,"template":"","meta":{"gtb_hide_title":false,"gtb_wrap_title":false,"gtb_class_title":"","gtb_remove_headerfooter":false},"product_brand":[],"product_cat":[176],"product_tag":[],"class_list":{"0":"post-13734","1":"product","2":"type-product","3":"status-publish","4":"has-post-thumbnail","6":"product_cat-bombas-para-fuente-y-drenaje","8":"first","9":"instock","10":"shipping-taxable","11":"product-type-simple"},"aioseo_notices":[],"_links":{"self":[{"href":"https:\/\/aftpumps.com\/es\/wp-json\/wp\/v2\/product\/13734","targetHints":{"allow":["GET"]}}],"collection":[{"href":"https:\/\/aftpumps.com\/es\/wp-json\/wp\/v2\/product"}],"about":[{"href":"https:\/\/aftpumps.com\/es\/wp-json\/wp\/v2\/types\/product"}],"wp:featuredmedia":[{"embeddable":true,"href":"https:\/\/aftpumps.com\/es\/wp-json\/wp\/v2\/media\/13724"}],"wp:attachment":[{"href":"https:\/\/aftpumps.com\/es\/wp-json\/wp\/v2\/media?parent=13734"}],"wp:term":[{"taxonomy":"product_brand","embeddable":true,"href":"https:\/\/aftpumps.com\/es\/wp-json\/wp\/v2\/product_brand?post=13734"},{"taxonomy":"product_cat","embeddable":true,"href":"https:\/\/aftpumps.com\/es\/wp-json\/wp\/v2\/product_cat?post=13734"},{"taxonomy":"product_tag","embeddable":true,"href":"https:\/\/aftpumps.com\/es\/wp-json\/wp\/v2\/product_tag?post=13734"}],"curies":[{"name":"wp","href":"https:\/\/api.w.org\/{rel}","templated":true}]}}