{"id":13777,"date":"2023-10-04T19:36:22","date_gmt":"2023-10-05T01:41:43","guid":{"rendered":"https:\/\/aftpumps.com\/product\/smart-tank\/"},"modified":"2023-11-13T12:19:49","modified_gmt":"2023-11-13T18:19:49","slug":"star-tank-es","status":"publish","type":"product","link":"https:\/\/aftpumps.com\/es\/producto\/star-tank-es\/","title":{"rendered":"Star Tank"},"content":{"rendered":"<h4>Opciones<\/h4>\n<ul>\n<li>Capacidades de 19, 35, 50, 85 y 119 galones<\/li>\n<li>Base de bomba incluida en tanques de 19 y 35 galones<\/li>\n<\/ul>\n<p>Los tanques se pueden conectar en paralelo, lo que aumenta la capacidad de servir a aplicaciones comerciales y plantas industriales con caudales m\u00e1s altos.<\/p>\n","protected":false},"excerpt":{"rendered":"<p>La nueva l\u00ednea de tanques hidroneum\u00e1ticos precargados de acero AFT STAR-TANK es la soluci\u00f3n perfecta para sistemas de presi\u00f3n residenciales, comerciales e industriales. Su dise\u00f1o exclusivo ha sido probado por d\u00e9cadas de uso en miles de instalaciones en todo el mundo.<\/p>\n<h4>Aplicaciones<\/h4>\n<ul>\n<li>Sistemas hidroneum\u00e1ticos residenciales y comerciales<\/li>\n<li>Tanques de amortiguamiento en sistemas a presi\u00f3n constante y velocidad variable<\/li>\n<\/ul>\n[download id=\"13766\" template=\"buttong\"]\n[download id=\"13762\" template=\"buttong\"]\n","protected":false},"featured_media":13756,"template":"","meta":{"gtb_hide_title":false,"gtb_wrap_title":false,"gtb_class_title":"","gtb_remove_headerfooter":false},"product_brand":[],"product_cat":[178],"product_tag":[],"class_list":{"0":"post-13777","1":"product","2":"type-product","3":"status-publish","4":"has-post-thumbnail","6":"product_cat-tanques","8":"first","9":"instock","10":"shipping-taxable","11":"product-type-simple"},"aioseo_notices":[],"_links":{"self":[{"href":"https:\/\/aftpumps.com\/es\/wp-json\/wp\/v2\/product\/13777","targetHints":{"allow":["GET"]}}],"collection":[{"href":"https:\/\/aftpumps.com\/es\/wp-json\/wp\/v2\/product"}],"about":[{"href":"https:\/\/aftpumps.com\/es\/wp-json\/wp\/v2\/types\/product"}],"wp:featuredmedia":[{"embeddable":true,"href":"https:\/\/aftpumps.com\/es\/wp-json\/wp\/v2\/media\/13756"}],"wp:attachment":[{"href":"https:\/\/aftpumps.com\/es\/wp-json\/wp\/v2\/media?parent=13777"}],"wp:term":[{"taxonomy":"product_brand","embeddable":true,"href":"https:\/\/aftpumps.com\/es\/wp-json\/wp\/v2\/product_brand?post=13777"},{"taxonomy":"product_cat","embeddable":true,"href":"https:\/\/aftpumps.com\/es\/wp-json\/wp\/v2\/product_cat?post=13777"},{"taxonomy":"product_tag","embeddable":true,"href":"https:\/\/aftpumps.com\/es\/wp-json\/wp\/v2\/product_tag?post=13777"}],"curies":[{"name":"wp","href":"https:\/\/api.w.org\/{rel}","templated":true}]}}