{"id":13815,"date":"2024-07-24T00:07:50","date_gmt":"2024-07-24T06:12:22","guid":{"rendered":"https:\/\/aftpumps.com\/product\/aquasmart-home-sistema-de-presion-constante\/"},"modified":"2024-07-24T00:55:53","modified_gmt":"2024-07-24T06:55:53","slug":"aquasmart-home-sistema-de-presion-constante","status":"publish","type":"product","link":"https:\/\/aftpumps.com\/es\/producto\/aquasmart-home-sistema-de-presion-constante\/","title":{"rendered":"AquaSmart Home (Sistema de Presi\u00f3n Constante)"},"content":{"rendered":"<p>Proporciona agua o presi\u00f3n constante y protecci\u00f3n del equipo en un sistema peque\u00f1o y robusto. Silencio, no m\u00e1s ruido por la noche. Ahorro de energ\u00eda y bajo mantenimiento.<\/p>\n<p><strong>Aplicaciones:<\/strong><\/p>\n<ul>\n<li>Residencias (tanque o pozo profundo)<\/li>\n<li>Riego residencial y comercial.<\/li>\n<li>Alamedas<\/li>\n<li>Condominios<\/li>\n<\/ul>\n","protected":false},"excerpt":{"rendered":"<p>\u00a1La presi\u00f3n constante nunca ha sido tan f\u00e1cil! La comodidad de tener presi\u00f3n constante en tu agua caliente independientemente del n\u00famero de grifos abiertos al mismo tiempo. Alta tecnolog\u00eda en un paquete compacto y de bajo mantenimiento.<\/p>\n<p><img decoding=\"async\" width=\"150\" height=\"150\" class=\"alignnone size-thumbnail wp-image-12555\" style=\"width: 80px; height: auto;\" src=\"https:\/\/aftpumps.com\/wp-content\/uploads\/2020\/04\/c-csa-us-logo-T-150x150.png\" alt=\"CSA\" srcset=\"https:\/\/aftpumps.com\/wp-content\/uploads\/2020\/04\/c-csa-us-logo-T-150x150.png 150w, https:\/\/aftpumps.com\/wp-content\/uploads\/2020\/04\/c-csa-us-logo-T-100x100.png 100w\" sizes=\"(max-width: 150px) 100vw, 150px\" \/> <img decoding=\"async\" width=\"150\" height=\"106\" class=\"alignnone size-thumbnail wp-image-12897\" style=\"width: 80px; height: auto;\" src=\"https:\/\/aftpumps.com\/wp-content\/uploads\/2020\/06\/CE-150x106.png\" alt=\"Conformit\u00e9e europea\" \/> <img decoding=\"async\" width=\"150\" height=\"106\" class=\"alignnone size-thumbnail wp-image-12523\" style=\"width: 80px; height: auto;\" src=\"https:\/\/aftpumps.com\/wp-content\/uploads\/2020\/03\/CULS-150x106.png\" alt=\"UL\" \/><\/p>\n<p><span class=\"s1\"><span style=\"vertical-align: inherit;\">[download id = \"13826\" template = \"buttong\"]<\/span><\/span><\/p>\n<p><span class=\"s1\"><span style=\"vertical-align: inherit;\">[download id = \"13829\" template = \"buttong\"]<\/span><\/span><\/p>\n<p><span class=\"s1\"><span style=\"vertical-align: inherit;\">[download id = \"13832\" template = \"buttong\"]<\/span><\/span><\/p>\n","protected":false},"featured_media":13816,"template":"","meta":{"gtb_hide_title":false,"gtb_wrap_title":false,"gtb_class_title":"","gtb_remove_headerfooter":false},"product_brand":[],"product_cat":[129],"product_tag":[],"class_list":{"0":"post-13815","1":"product","2":"type-product","3":"status-publish","4":"has-post-thumbnail","6":"product_cat-sistemas-de-presion-constante","8":"first","9":"instock","10":"shipping-taxable","11":"product-type-simple"},"aioseo_notices":[],"_links":{"self":[{"href":"https:\/\/aftpumps.com\/es\/wp-json\/wp\/v2\/product\/13815","targetHints":{"allow":["GET"]}}],"collection":[{"href":"https:\/\/aftpumps.com\/es\/wp-json\/wp\/v2\/product"}],"about":[{"href":"https:\/\/aftpumps.com\/es\/wp-json\/wp\/v2\/types\/product"}],"wp:featuredmedia":[{"embeddable":true,"href":"https:\/\/aftpumps.com\/es\/wp-json\/wp\/v2\/media\/13816"}],"wp:attachment":[{"href":"https:\/\/aftpumps.com\/es\/wp-json\/wp\/v2\/media?parent=13815"}],"wp:term":[{"taxonomy":"product_brand","embeddable":true,"href":"https:\/\/aftpumps.com\/es\/wp-json\/wp\/v2\/product_brand?post=13815"},{"taxonomy":"product_cat","embeddable":true,"href":"https:\/\/aftpumps.com\/es\/wp-json\/wp\/v2\/product_cat?post=13815"},{"taxonomy":"product_tag","embeddable":true,"href":"https:\/\/aftpumps.com\/es\/wp-json\/wp\/v2\/product_tag?post=13815"}],"curies":[{"name":"wp","href":"https:\/\/api.w.org\/{rel}","templated":true}]}}