{"id":13849,"date":"2024-07-24T01:18:04","date_gmt":"2024-07-24T07:18:38","guid":{"rendered":"https:\/\/aftpumps.com\/product\/serie-3afp\/"},"modified":"2024-07-24T01:24:25","modified_gmt":"2024-07-24T07:24:25","slug":"serie-3afp","status":"publish","type":"product","link":"https:\/\/aftpumps.com\/es\/producto\/serie-3afp\/","title":{"rendered":"Serie 3AFP"},"content":{"rendered":"<ul>\n<li>Construcci\u00f3n en acero inoxidable y termopl\u00e1sticos<\/li>\n<li>Eficiente motor de imanes permanentes de solo 50 Watts<\/li>\n<li>Manifold de descarga de 1\/2&#8243; con v\u00e1lvulas de paso y adaptador para boquillas decorativas (incluidas)<\/li>\n<li>Impulsor semi abierto para manejo de s\u00f3lidos hasta de 1\/16&#8243; (1.5 mm)<\/li>\n<\/ul>\n<p><strong>Aplicaciones:<\/strong><\/p>\n<ul>\n<li>B\u00facaros, estanques y fuentes decorativas<\/li>\n<li>Drenaje de acuarios, tanques y piscinas<\/li>\n<li>Refrigeraci\u00f3n de peque\u00f1as m\u00e1quinas y herramientas<\/li>\n<li>Trasvase general de agua<\/li>\n<\/ul>\n","protected":false},"excerpt":{"rendered":"<p>La bomba de fuente AFT modelo 3-AFP, con tecnolog\u00eda avanzada de imanes permanentes, est\u00e1 dise\u00f1ada para aplicaciones de transferencia de agua donde se requieren caudales peque\u00f1os. Est\u00e1 fabricado con materiales duraderos, bajo estrictos est\u00e1ndares de calidad.<\/p>\n<p><img decoding=\"async\" class=\"alignnone wp-image-13746\" src=\"https:\/\/aftpumps.com\/wp-content\/uploads\/2023\/09\/UL-150x106.png\" alt=\"\" width=\"81\" height=\"57\" \/><img decoding=\"async\" width=\"150\" height=\"106\" class=\"alignnone size-thumbnail wp-image-12897\" style=\"width: 80px; height: auto;\" src=\"https:\/\/aftpumps.com\/wp-content\/uploads\/2020\/06\/CE-150x106.png\" alt=\"Conformit\u00e9e European\" \/><\/p>\n[download id=\"13850\" template=\"buttong\"]\n[download id=\"13854\" template=\"buttong\"]\n","protected":false},"featured_media":13840,"template":"","meta":{"gtb_hide_title":false,"gtb_wrap_title":false,"gtb_class_title":"","gtb_remove_headerfooter":false},"product_brand":[],"product_cat":[176],"product_tag":[],"class_list":{"0":"post-13849","1":"product","2":"type-product","3":"status-publish","4":"has-post-thumbnail","6":"product_cat-bombas-para-fuente-y-drenaje","8":"first","9":"instock","10":"shipping-taxable","11":"product-type-simple"},"aioseo_notices":[],"_links":{"self":[{"href":"https:\/\/aftpumps.com\/es\/wp-json\/wp\/v2\/product\/13849","targetHints":{"allow":["GET"]}}],"collection":[{"href":"https:\/\/aftpumps.com\/es\/wp-json\/wp\/v2\/product"}],"about":[{"href":"https:\/\/aftpumps.com\/es\/wp-json\/wp\/v2\/types\/product"}],"wp:featuredmedia":[{"embeddable":true,"href":"https:\/\/aftpumps.com\/es\/wp-json\/wp\/v2\/media\/13840"}],"wp:attachment":[{"href":"https:\/\/aftpumps.com\/es\/wp-json\/wp\/v2\/media?parent=13849"}],"wp:term":[{"taxonomy":"product_brand","embeddable":true,"href":"https:\/\/aftpumps.com\/es\/wp-json\/wp\/v2\/product_brand?post=13849"},{"taxonomy":"product_cat","embeddable":true,"href":"https:\/\/aftpumps.com\/es\/wp-json\/wp\/v2\/product_cat?post=13849"},{"taxonomy":"product_tag","embeddable":true,"href":"https:\/\/aftpumps.com\/es\/wp-json\/wp\/v2\/product_tag?post=13849"}],"curies":[{"name":"wp","href":"https:\/\/api.w.org\/{rel}","templated":true}]}}