{"id":13867,"date":"2024-08-21T19:12:58","date_gmt":"2024-08-22T01:13:04","guid":{"rendered":"https:\/\/aftpumps.com\/?post_type=product&#038;p=13867"},"modified":"2025-05-29T16:55:01","modified_gmt":"2025-05-29T22:55:01","slug":"serie-10-asm","status":"publish","type":"product","link":"https:\/\/aftpumps.com\/es\/producto\/serie-10-asm\/","title":{"rendered":"Serie 10 ASM"},"content":{"rendered":"<ul>\n<li>Profundidad m\u00e1xima de inmersi\u00f3n: 984 pies<\/li>\n<li>Acoplamiento est\u00e1ndar NEMA 8<\/li>\n<li>Temperatura Max de trabajo:50\u00b0C<\/li>\n<li>Velocidad m\u00ednima de enfriamiento: 0.16 m\/s<\/li>\n<li>Posici\u00f3n de instalaci\u00f3n est\u00e1ndar: Vertical<\/li>\n<li>Llenados en f\u00e1brica con soluci\u00f3n no t\u00f3xica, soluble al agua.<\/li>\n<li>Punto de dise\u00f1o a 60Hz, 3490rpm<\/li>\n<li>Variaci\u00f3n de Voltaje +\/- 10%<\/li>\n<\/ul>\n","protected":false},"excerpt":{"rendered":"<h3>Motor de Estator Abierto de 10&#8243; AFT<\/h3>\n<p>Los motores sumergibles Rebobinables de 10&#8243; AFT, son robustos y durables, dise\u00f1ados para las m\u00e1s exigentes condiciones de operaci\u00f3n. Cuentan con un dise\u00f1o de estator abierto, lubricado por agua y el embobinado es de cobre con recubrimiento PE+PA. El 100% de los motores son probados en la f\u00e1brica antes de despacharlos.<\/p>\n<h3>Aplicaciones<\/h3>\n<ul>\n<li>Municipal<\/li>\n<li>Industriales<\/li>\n<li>Riego Agr\u00edcola<\/li>\n<li>Miner\u00eda<\/li>\n<li>Aumento de presi\u00f3n<\/li>\n<li>\u00d3smosis Inversa<\/li>\n<\/ul>\n<p><img decoding=\"async\" width=\"150\" height=\"106\" class=\"alignnone size-thumbnail wp-image-12897\" style=\"width: 80px; height: auto;\" src=\"https:\/\/aftpumps.com\/wp-content\/uploads\/2020\/06\/CE-150x106.png\" alt=\"Conformit\u00e9e European\" \/> <img decoding=\"async\" class=\"alignnone size-thumbnail wp-image-12897\" style=\"width: 80px; height: auto;\" src=\"https:\/\/aftpumps.com\/wp-content\/uploads\/2020\/11\/Hi-Temp-50C.png\" alt=\"Conformit\u00e9e European\" \/><\/p>\n[download id=\"13873\" template=\"buttong\"]\n[download id=\"8600\" template=\"buttong\"]\n","protected":false},"featured_media":13144,"template":"","meta":{"gtb_hide_title":false,"gtb_wrap_title":false,"gtb_class_title":"","gtb_remove_headerfooter":false},"product_brand":[],"product_cat":[141],"product_tag":[],"class_list":{"0":"post-13867","1":"product","2":"type-product","3":"status-publish","4":"has-post-thumbnail","6":"product_cat-motores-sumergibles-rebobinables-lubricados-por-agua","8":"first","9":"instock","10":"shipping-taxable","11":"product-type-simple"},"aioseo_notices":[],"_links":{"self":[{"href":"https:\/\/aftpumps.com\/es\/wp-json\/wp\/v2\/product\/13867","targetHints":{"allow":["GET"]}}],"collection":[{"href":"https:\/\/aftpumps.com\/es\/wp-json\/wp\/v2\/product"}],"about":[{"href":"https:\/\/aftpumps.com\/es\/wp-json\/wp\/v2\/types\/product"}],"wp:featuredmedia":[{"embeddable":true,"href":"https:\/\/aftpumps.com\/es\/wp-json\/wp\/v2\/media\/13144"}],"wp:attachment":[{"href":"https:\/\/aftpumps.com\/es\/wp-json\/wp\/v2\/media?parent=13867"}],"wp:term":[{"taxonomy":"product_brand","embeddable":true,"href":"https:\/\/aftpumps.com\/es\/wp-json\/wp\/v2\/product_brand?post=13867"},{"taxonomy":"product_cat","embeddable":true,"href":"https:\/\/aftpumps.com\/es\/wp-json\/wp\/v2\/product_cat?post=13867"},{"taxonomy":"product_tag","embeddable":true,"href":"https:\/\/aftpumps.com\/es\/wp-json\/wp\/v2\/product_tag?post=13867"}],"curies":[{"name":"wp","href":"https:\/\/api.w.org\/{rel}","templated":true}]}}