{"id":14085,"date":"2025-06-11T21:32:24","date_gmt":"2025-06-12T03:32:55","guid":{"rendered":"https:\/\/aftpumps.com\/product\/serie-as70\/"},"modified":"2025-06-12T01:16:48","modified_gmt":"2025-06-12T07:16:48","slug":"serie-as70","status":"publish","type":"product","link":"https:\/\/aftpumps.com\/es\/producto\/serie-as70\/","title":{"rendered":"Serie AS 70"},"content":{"rendered":"<h4>Caracter\u00edsticas<\/h4>\n<ul>\n<li>Construcci\u00f3n de acero inoxidable dise\u00f1ada y fabricada para a\u00f1os de operaci\u00f3n sin problemas.<\/li>\n<li>Dise\u00f1ado y construido para funcionar en condiciones dif\u00edciles.<\/li>\n<li>Todas las piezas met\u00e1licas est\u00e1n hechas de acero inoxidable 304 o 316.<\/li>\n<li>Cabezal de descarga de acero inoxidable de alta resistencia con v\u00e1lvula de retenci\u00f3n incorporada para evitar el reflujo en caso de parada de la bomba, minimizando el riesgo de golpe<br \/>de ariete destructivo.<\/li>\n<li>Gancho de seguridad suave.<\/li>\n<li>Montaje de soporte est\u00e1ndar NEMA.<\/li>\n<li>Los cojinetes de eje de alta calidad proporcionan baja fricci\u00f3n y alta resistencia al desgaste.<\/li>\n<li>El anillo de retenci\u00f3n evita da\u00f1os en la bomba durante el transporte y en caso de empuje axial durante el arranque.<\/li>\n<li>El anillo de retenci\u00f3n, dise\u00f1ado como un cojinete de empuje, limita los movimientos axiales del eje de la bomba.<br \/>\nColador de acero inoxidable para restringir la entrada de arena y otros materiales extra\u00f1os.<\/li>\n<\/ul>\n<h4>L\u00edquidos bombeados<\/h4>\n<ul>\n<li>L\u00edquidos limpios, finos, no agresivos y no corrosivos sin part\u00edculas s\u00f3lidas ni fibras.<\/li>\n<\/ul>\n<h4>Condiciones de operaci\u00f3n<\/h4>\n<ul>\n<li>Capacidad (m\u00b3\/h): M\u00ednimo 0,3, m\u00e1ximo 21<\/li>\n<li>Altura total: M\u00e1ximo 687 m<\/li>\n<li>Temperatura m\u00e1xima del l\u00edquido: 90\u00b0C<\/li>\n<li>Contenido de arena: M\u00e1ximo 50 g\/m\u00b3<\/li>\n<li>Velocidad del motor: 3450 rpm<\/li>\n<\/ul>\n","protected":false},"excerpt":{"rendered":"<p>Las bombas sumergibles AFT de la serie AS en acero inoxidable son fabricadas con los mejores materiales y han sido desarrolladas para obtener altas eficiencias hidr\u00e1ulicas, un funcionamiento confiable y gran durabilidad. Est\u00e1n dise\u00f1adas para bombeo de agua y l\u00edquidos no corrosivos ni abrasivosEst\u00e1n dise\u00f1ados para bombear agua y l\u00edquidos no corrosivos y no abrasivos.<\/p>\n<h4>Aplicaciones<\/h4>\n<ul>\n<li>Abastecimiento de agua potable<\/li>\n<li>Riego agr\u00edcola y abastecimiento de agua para la ganader\u00eda<\/li>\n<li>Suministro de agua industrial<\/li>\n<li>Aumento de presi\u00f3n<\/li>\n<li>Aplicaciones mineras<\/li>\n<li>Descenso del nivel fre\u00e1tico<\/li>\n<li>Fuentes<\/li>\n<\/ul>\n[download id=\"14109\" template=\"buttong\"]\n","protected":false},"featured_media":14084,"template":"","meta":{"gtb_hide_title":false,"gtb_wrap_title":false,"gtb_class_title":"","gtb_remove_headerfooter":false},"product_brand":[],"product_cat":[77],"product_tag":[],"class_list":{"0":"post-14085","1":"product","2":"type-product","3":"status-publish","4":"has-post-thumbnail","6":"product_cat-serie-as","8":"first","9":"instock","10":"shipping-taxable","11":"product-type-simple"},"aioseo_notices":[],"_links":{"self":[{"href":"https:\/\/aftpumps.com\/es\/wp-json\/wp\/v2\/product\/14085","targetHints":{"allow":["GET"]}}],"collection":[{"href":"https:\/\/aftpumps.com\/es\/wp-json\/wp\/v2\/product"}],"about":[{"href":"https:\/\/aftpumps.com\/es\/wp-json\/wp\/v2\/types\/product"}],"wp:featuredmedia":[{"embeddable":true,"href":"https:\/\/aftpumps.com\/es\/wp-json\/wp\/v2\/media\/14084"}],"wp:attachment":[{"href":"https:\/\/aftpumps.com\/es\/wp-json\/wp\/v2\/media?parent=14085"}],"wp:term":[{"taxonomy":"product_brand","embeddable":true,"href":"https:\/\/aftpumps.com\/es\/wp-json\/wp\/v2\/product_brand?post=14085"},{"taxonomy":"product_cat","embeddable":true,"href":"https:\/\/aftpumps.com\/es\/wp-json\/wp\/v2\/product_cat?post=14085"},{"taxonomy":"product_tag","embeddable":true,"href":"https:\/\/aftpumps.com\/es\/wp-json\/wp\/v2\/product_tag?post=14085"}],"curies":[{"name":"wp","href":"https:\/\/api.w.org\/{rel}","templated":true}]}}