{"id":1575,"date":"2019-07-10T13:26:18","date_gmt":"2019-07-10T19:26:18","guid":{"rendered":"http:\/\/aftpumps.com\/product\/serie-at-20\/"},"modified":"2020-09-08T23:17:59","modified_gmt":"2020-09-09T05:17:59","slug":"serie-at-20","status":"publish","type":"product","link":"https:\/\/aftpumps.com\/es\/producto\/serie-at-20\/","title":{"rendered":"Serie AT 20"},"content":{"rendered":"<h4>Caracter\u00edsticas<\/h4>\n<ul>\n<li>Construcci\u00f3n en acero inoxidable 304<\/li>\n<li>Impulsores de Termopl\u00e1stico de alta resistencia<\/li>\n<li>Eje hexagonal en acero inoxidable 304<\/li>\n<li>Descarga NPT y succi\u00f3n con rejilla en acero inoxidable de gran durabilidad<\/li>\n<li>V\u00e1lvula de cheque incorporada de acero inoxidable 304<\/li>\n<li>Acople perfecto a motores sumergibles NEMA est\u00e1ndar<\/li>\n<li>Protector de cable de bajo perfil para uso en pozos estrechos<\/li>\n<li>Materiales 100% libre de plomo acorde a normas sanitarias internacionales<\/li>\n<\/ul>\n<h4>Condiciones de operaci\u00f3n<\/h4>\n<ul>\n<li>Caudal m\u00e1ximo: 27 GPM<\/li>\n<li>Altura m\u00e1xima de Operaci\u00f3n: 850 PIES<\/li>\n<li>Cantidad admisible de arena: 150g\/m3<\/li>\n<li>Descarga: Rosca 1 1\/4&#8243; NPT<\/li>\n<li>Poder de motor: de 0.5HP a 5HP<\/li>\n<li>Acoplamiento NEMA 4&#8243;<\/li>\n<\/ul>\n","protected":false},"excerpt":{"rendered":"<p>Las bombas  sumergibles  AFT de la serie AT, est\u00e1n dise\u00f1adas  para las m\u00e1s exigentes aplicaciones. Aptas para abastecimiento de agua, elevaci\u00f3n y  presurizaci\u00f3n en residencias,  plantaciones  agr\u00edcolas  y aplicaciones  industriales.  Son  ideales  para funcionar  en  pozos mec\u00e1nicos de 4&#8243; o m\u00e1s, pozos artesanales o tanques y cisternas.<\/p>\n<h3>Aplicaciones<\/h3>\n<ul>\n<li>Pozos mec\u00e1nicos profundos<\/li>\n<li>Aplicaciones Industriales y agr\u00edcolas<\/li>\n<li>Sistemas Booster<\/li>\n<li>Aplicaciones Municipales de agua potable<\/li>\n<li>Condiciones de uso pesado.<\/li>\n<\/ul>\n<p><img decoding=\"async\" width=\"150\" height=\"150\" src=\"https:\/\/aftpumps.com\/wp-content\/uploads\/2020\/04\/c-csa-us-logo-T-150x150.png\" alt=\"CSA\" style=\"width: 80px; height: auto;\" class=\"alignnone size-thumbnail wp-image-12555\" srcset=\"https:\/\/aftpumps.com\/wp-content\/uploads\/2020\/04\/c-csa-us-logo-T-150x150.png 150w, https:\/\/aftpumps.com\/wp-content\/uploads\/2020\/04\/c-csa-us-logo-T-100x100.png 100w\" sizes=\"(max-width: 150px) 100vw, 150px\" \/> <img decoding=\"async\" width=\"150\" height=\"106\" src=\"https:\/\/aftpumps.com\/wp-content\/uploads\/2020\/06\/CE-150x106.png\" alt=\"Conformit\u00e9e European\" style=\"width: 80px; height: auto;\" class=\"alignnone size-thumbnail wp-image-12897\" \/><\/p>\n[download id=\"584\" template=\"buttong\"]\n","protected":false},"featured_media":6943,"template":"","meta":{"gtb_hide_title":false,"gtb_wrap_title":false,"gtb_class_title":"","gtb_remove_headerfooter":false},"product_brand":[],"product_cat":[76,91],"product_tag":[],"class_list":{"0":"post-1575","1":"product","2":"type-product","3":"status-publish","4":"has-post-thumbnail","6":"product_cat-bombas-sumergibles","7":"product_cat-serie-at","9":"first","10":"instock","11":"shipping-taxable","12":"product-type-simple"},"aioseo_notices":[],"_links":{"self":[{"href":"https:\/\/aftpumps.com\/es\/wp-json\/wp\/v2\/product\/1575","targetHints":{"allow":["GET"]}}],"collection":[{"href":"https:\/\/aftpumps.com\/es\/wp-json\/wp\/v2\/product"}],"about":[{"href":"https:\/\/aftpumps.com\/es\/wp-json\/wp\/v2\/types\/product"}],"wp:featuredmedia":[{"embeddable":true,"href":"https:\/\/aftpumps.com\/es\/wp-json\/wp\/v2\/media\/6943"}],"wp:attachment":[{"href":"https:\/\/aftpumps.com\/es\/wp-json\/wp\/v2\/media?parent=1575"}],"wp:term":[{"taxonomy":"product_brand","embeddable":true,"href":"https:\/\/aftpumps.com\/es\/wp-json\/wp\/v2\/product_brand?post=1575"},{"taxonomy":"product_cat","embeddable":true,"href":"https:\/\/aftpumps.com\/es\/wp-json\/wp\/v2\/product_cat?post=1575"},{"taxonomy":"product_tag","embeddable":true,"href":"https:\/\/aftpumps.com\/es\/wp-json\/wp\/v2\/product_tag?post=1575"}],"curies":[{"name":"wp","href":"https:\/\/api.w.org\/{rel}","templated":true}]}}