{"id":1583,"date":"2019-07-10T13:39:50","date_gmt":"2019-07-10T19:39:50","guid":{"rendered":"http:\/\/aftpumps.com\/product\/1583\/"},"modified":"2022-02-24T10:50:25","modified_gmt":"2022-02-24T16:50:25","slug":"serie-c2plus","status":"publish","type":"product","link":"https:\/\/aftpumps.com\/es\/producto\/serie-c2plus\/","title":{"rendered":"Serie C2+"},"content":{"rendered":"<h4>Features<\/h4>\n<ul>\n<li>Dise\u00f1o hidr\u00e1ulico con succi\u00f3n de fondo, permite un m\u00e1ximo aprovechamiento de nivel de agua en el lugar de instalaci\u00f3n, ayuda a que el equipo trabaje durante m\u00e1s tiempo sin perder el cebado.<\/li>\n<li>Inserto con rosca NPT de Acero inoxidable para una mayor tolerancia a presi\u00f3n al momento de la instalaci\u00f3n de tuber\u00eda de descarga.<\/li>\n<li>Estructura de acero inoxidable y termopl\u00e1stico de alta resistencia moldeado con alta precisi\u00f3n.<\/li>\n<li>La potencia de todos los equipos cuentan con motor sumergible de 0.5 hp de alta calidad, fabricado con est\u00e1ndares americanos.<\/li>\n<li>Protecci\u00f3n t\u00e9rmica integrada y capacitador para uso continuo.<\/li>\n<li>Rosca en descarga NPT de 1 \u00bc pulgadas.<\/li>\n<li>Cable de alimentaci\u00f3n SJOOW de 10 pies dise\u00f1ado exclusivamente para aplicaciones sumergibles.<\/li>\n<\/ul>\n","protected":false},"excerpt":{"rendered":"<p>Las bombas sumergibles de la serie AFT C2+ con un dise\u00f1o hidr\u00e1ulico ideal y \u00fanico con succi\u00f3n inferior que le permite optimizar el consumo de nivel de l\u00edquido en el pozo o cisterna, todo esto combinado con un potente motor en voltajes monof\u00e1sicos de 115v y 230v de 0.5 hp. Tiene una capacidad de 10 y 20 galones, debidamente protegido por una cubierta de acero inoxidable que puede garantizar un funcionamiento silencioso.<\/p>\n<h3>Applications<\/h3>\n<ul>\n<li>Bombeo de aguas grises o efluentes prefiltrados<\/li>\n<li>Ideal en cisternas tanques y pozos<\/li>\n<li>Uso residencial<\/li>\n<\/ul>\n<p><img decoding=\"async\" width=\"150\" height=\"150\" class=\"alignnone size-thumbnail wp-image-12555\" style=\"width: 80px; height: auto;\" src=\"https:\/\/aftpumps.com\/wp-content\/uploads\/2020\/04\/c-csa-us-logo-T-150x150.png\" alt=\"CSA\" srcset=\"https:\/\/aftpumps.com\/wp-content\/uploads\/2020\/04\/c-csa-us-logo-T-150x150.png 150w, https:\/\/aftpumps.com\/wp-content\/uploads\/2020\/04\/c-csa-us-logo-T-100x100.png 100w\" sizes=\"(max-width: 150px) 100vw, 150px\" \/> <img decoding=\"async\" width=\"150\" height=\"106\" class=\"alignnone size-thumbnail wp-image-12897\" style=\"width: 80px; height: auto;\" src=\"https:\/\/aftpumps.com\/wp-content\/uploads\/2020\/06\/CE-150x106.png\" alt=\"Conformit\u00e9e European\" \/> <img decoding=\"async\" width=\"150\" height=\"106\" class=\"alignnone size-thumbnail wp-image-12523\" style=\"width: 80px; height: auto;\" src=\"https:\/\/aftpumps.com\/wp-content\/uploads\/2020\/03\/CULS-150x106.png\" alt=\"UL\" \/><\/p>\n[download id=\"9251\" template=\"buttong\"]\n[download id=\"12568\" template=\"buttong\"]\n<p>&nbsp;<\/p>\n","protected":false},"featured_media":6618,"template":"","meta":{"gtb_hide_title":false,"gtb_wrap_title":false,"gtb_class_title":"","gtb_remove_headerfooter":false},"product_brand":[],"product_cat":[76,92],"product_tag":[],"class_list":{"0":"post-1583","1":"product","2":"type-product","3":"status-publish","4":"has-post-thumbnail","6":"product_cat-bombas-sumergibles","7":"product_cat-serie-c2","9":"first","10":"instock","11":"featured","12":"shipping-taxable","13":"product-type-simple"},"aioseo_notices":[],"_links":{"self":[{"href":"https:\/\/aftpumps.com\/es\/wp-json\/wp\/v2\/product\/1583","targetHints":{"allow":["GET"]}}],"collection":[{"href":"https:\/\/aftpumps.com\/es\/wp-json\/wp\/v2\/product"}],"about":[{"href":"https:\/\/aftpumps.com\/es\/wp-json\/wp\/v2\/types\/product"}],"wp:featuredmedia":[{"embeddable":true,"href":"https:\/\/aftpumps.com\/es\/wp-json\/wp\/v2\/media\/6618"}],"wp:attachment":[{"href":"https:\/\/aftpumps.com\/es\/wp-json\/wp\/v2\/media?parent=1583"}],"wp:term":[{"taxonomy":"product_brand","embeddable":true,"href":"https:\/\/aftpumps.com\/es\/wp-json\/wp\/v2\/product_brand?post=1583"},{"taxonomy":"product_cat","embeddable":true,"href":"https:\/\/aftpumps.com\/es\/wp-json\/wp\/v2\/product_cat?post=1583"},{"taxonomy":"product_tag","embeddable":true,"href":"https:\/\/aftpumps.com\/es\/wp-json\/wp\/v2\/product_tag?post=1583"}],"curies":[{"name":"wp","href":"https:\/\/api.w.org\/{rel}","templated":true}]}}