{"id":1584,"date":"2019-07-18T08:30:26","date_gmt":"2019-07-18T14:30:26","guid":{"rendered":"http:\/\/aftpumps.com\/product\/serie-4fc\/"},"modified":"2025-05-29T16:56:44","modified_gmt":"2025-05-29T22:56:44","slug":"serie-4fc","status":"publish","type":"product","link":"https:\/\/aftpumps.com\/es\/producto\/serie-4fc\/","title":{"rendered":"Serie 4FC"},"content":{"rendered":"<h4>Especificaciones T\u00e9cnicas<\/h4>\n<ul>\n<li>Max. Profundidad de inmersi\u00f3n: 300m.<\/li>\n<li>Protecci\u00f3n: IP68.<\/li>\n<li>M\u00e1ximos arranques por hora: 20<\/li>\n<li>Aislamiento: Clase F.<\/li>\n<li>Temperatura ambiente nominal: 30\u00baC.<\/li>\n<li>Posici\u00f3n de instalaci\u00f3n est\u00e1ndar: vertical y horizontal.<br \/>\n(Con un \u00e1ngulo de inclinaci\u00f3n&gt; 5C hacia la DE) lubricado por Agua.<\/li>\n<li>M\u00ednimo fujo de enfriamiento 0.08 m \/ s.<\/li>\n<\/ul>\n","protected":false},"excerpt":{"rendered":"<p>Los motores sumergibles encapsulados de 4&#8243; AFT, son desarrollados para cumplir con est\u00e1ndares internacionales de calidad, construidos con materiales robustos especiales para ser utilizados en pozos profundos y otras aplicaciones, estos cumplen con la norma NEMA. Cuentan con 2 a\u00f1os de garant\u00eda. Todos los motores son probados en F\u00e1brica antes de realizar el despacho.<\/p>\n<h3>Aplicaciones<\/h3>\n<ul>\n<li>Pozos mec\u00e1nicos de 4&#8243; o m\u00e1s<\/li>\n<li>Pozos Artesanale<\/li>\n<li>Reservorios de Agua Artificial (Tanques o Cisternas)<\/li>\n<li>Reservorios de Agua Naturales (R\u00edos, Lagos, nacimientos)<\/li>\n<\/ul>\n<p><img decoding=\"async\" src=\"https:\/\/aftpumps.com\/wp-content\/uploads\/2020\/04\/c-csa-us-logo-T-e1586876276605-150x150.png\" alt=\"CSA\" style=\"width: 80px; height: auto;\" class=\"alignnone size-thumbnail wp-image-12555\" \/> <img decoding=\"async\" width=\"150\" height=\"106\" src=\"https:\/\/aftpumps.com\/wp-content\/uploads\/2020\/06\/CE-150x106.png\" alt=\"Conformit\u00e9e European\" style=\"width: 80px; height: auto;\" class=\"alignnone size-thumbnail wp-image-12897\" \/> <\/p>\n[download id=\"758\" template=\"buttong\"]\n[download id=\"8600\" template=\"buttong\"]\n","protected":false},"featured_media":6578,"template":"","meta":{"gtb_hide_title":false,"gtb_wrap_title":false,"gtb_class_title":"","gtb_remove_headerfooter":false},"product_brand":[],"product_cat":[94,95],"product_tag":[],"class_list":{"0":"post-1584","1":"product","2":"type-product","3":"status-publish","4":"has-post-thumbnail","6":"product_cat-motores-sumergibles","7":"product_cat-serie-cf","9":"first","10":"instock","11":"shipping-taxable","12":"product-type-simple"},"aioseo_notices":[],"_links":{"self":[{"href":"https:\/\/aftpumps.com\/es\/wp-json\/wp\/v2\/product\/1584","targetHints":{"allow":["GET"]}}],"collection":[{"href":"https:\/\/aftpumps.com\/es\/wp-json\/wp\/v2\/product"}],"about":[{"href":"https:\/\/aftpumps.com\/es\/wp-json\/wp\/v2\/types\/product"}],"wp:featuredmedia":[{"embeddable":true,"href":"https:\/\/aftpumps.com\/es\/wp-json\/wp\/v2\/media\/6578"}],"wp:attachment":[{"href":"https:\/\/aftpumps.com\/es\/wp-json\/wp\/v2\/media?parent=1584"}],"wp:term":[{"taxonomy":"product_brand","embeddable":true,"href":"https:\/\/aftpumps.com\/es\/wp-json\/wp\/v2\/product_brand?post=1584"},{"taxonomy":"product_cat","embeddable":true,"href":"https:\/\/aftpumps.com\/es\/wp-json\/wp\/v2\/product_cat?post=1584"},{"taxonomy":"product_tag","embeddable":true,"href":"https:\/\/aftpumps.com\/es\/wp-json\/wp\/v2\/product_tag?post=1584"}],"curies":[{"name":"wp","href":"https:\/\/api.w.org\/{rel}","templated":true}]}}