{"id":1585,"date":"2019-07-18T08:30:28","date_gmt":"2019-07-18T14:30:28","guid":{"rendered":"http:\/\/aftpumps.com\/product\/serie-6cf\/"},"modified":"2025-05-29T16:56:47","modified_gmt":"2025-05-29T22:56:47","slug":"serie-6cf","status":"publish","type":"product","link":"https:\/\/aftpumps.com\/es\/producto\/serie-6cf\/","title":{"rendered":"Serie 6CF"},"content":{"rendered":"<h4>Especificaciones T\u00e9cnicas<\/h4>\n<ul>\n<li>Profundidad Max de Inmersi\u00f3n: 984 Pie<\/li>\n<li>Protecci\u00f3n: IP68<\/li>\n<li>Max. Arranques por Hora: 20<\/li>\n<li>Aislamiento clase F<\/li>\n<li>Temperatura de trabajo: 30\u00b0C<\/li>\n<li>Velocidad m\u00ednima de enfriamiento 0.16 m<\/li>\n<li>Posici\u00f3n de instalaci\u00f3n est\u00e1ndar: vertical y horizontal<br \/>\n(Con un \u00e1ngulo de inclinaci\u00f3n &gt; 5\u00b0)<\/li>\n<li>Llenados en f\u00e1brica con la soluci\u00f3n no t\u00f3xica, soluble en agua<\/li>\n<li>Punto de Dise\u00f1o de 60 Hz, 3450 rpm<\/li>\n<\/ul>\n","protected":false},"excerpt":{"rendered":"<p>El motor encapsulado de 6&#8243; AFT se ha desarrollado con la expectativa del mercado de cumplir con la construcci\u00f3n robusta y altos est\u00e1ndares de calidad, est\u00e1n dise\u00f1ados para ser instalados en pozos de 6&#8243; o m\u00e1s grandes. Cuentan con un estator herm\u00e9ticamente sellado, cubierto de resina que evita que el motor se queme. Todos los motores son probados en F\u00e1brica.<\/p>\n<h3>Applications<\/h3>\n<ul>\n<li>Municipalidades<\/li>\n<li>Industriales<\/li>\n<li>Riego Agr\u00edcola<\/li>\n<li>Miner\u00eda<\/li>\n<li>Aumento de presi\u00f3n<\/li>\n<li>Osmosis Inversa<\/li>\n<\/ul>\n<p><img decoding=\"async\" src=\"https:\/\/aftpumps.com\/wp-content\/uploads\/2020\/04\/c-csa-us-logo-T-e1586876276605-150x150.png\" alt=\"CSA\" style=\"width: 80px; height: auto;\" class=\"alignnone size-thumbnail wp-image-12555\" \/> <img decoding=\"async\" width=\"150\" height=\"106\" src=\"https:\/\/aftpumps.com\/wp-content\/uploads\/2020\/06\/CE-150x106.png\" alt=\"Conformit\u00e9e European\" style=\"width: 80px; height: auto;\" class=\"alignnone size-thumbnail wp-image-12897\" \/> <\/p>\n[download id=\"762\" template=\"buttong\"]\n[download id=\"8600\" template=\"buttong\"]\n","protected":false},"featured_media":6582,"template":"","meta":{"gtb_hide_title":false,"gtb_wrap_title":false,"gtb_class_title":"","gtb_remove_headerfooter":false},"product_brand":[],"product_cat":[95,94],"product_tag":[],"class_list":{"0":"post-1585","1":"product","2":"type-product","3":"status-publish","4":"has-post-thumbnail","6":"product_cat-serie-cf","7":"product_cat-motores-sumergibles","9":"first","10":"instock","11":"shipping-taxable","12":"product-type-simple"},"aioseo_notices":[],"_links":{"self":[{"href":"https:\/\/aftpumps.com\/es\/wp-json\/wp\/v2\/product\/1585","targetHints":{"allow":["GET"]}}],"collection":[{"href":"https:\/\/aftpumps.com\/es\/wp-json\/wp\/v2\/product"}],"about":[{"href":"https:\/\/aftpumps.com\/es\/wp-json\/wp\/v2\/types\/product"}],"wp:featuredmedia":[{"embeddable":true,"href":"https:\/\/aftpumps.com\/es\/wp-json\/wp\/v2\/media\/6582"}],"wp:attachment":[{"href":"https:\/\/aftpumps.com\/es\/wp-json\/wp\/v2\/media?parent=1585"}],"wp:term":[{"taxonomy":"product_brand","embeddable":true,"href":"https:\/\/aftpumps.com\/es\/wp-json\/wp\/v2\/product_brand?post=1585"},{"taxonomy":"product_cat","embeddable":true,"href":"https:\/\/aftpumps.com\/es\/wp-json\/wp\/v2\/product_cat?post=1585"},{"taxonomy":"product_tag","embeddable":true,"href":"https:\/\/aftpumps.com\/es\/wp-json\/wp\/v2\/product_tag?post=1585"}],"curies":[{"name":"wp","href":"https:\/\/api.w.org\/{rel}","templated":true}]}}