{"id":1589,"date":"2019-07-18T12:11:23","date_gmt":"2019-07-18T18:11:23","guid":{"rendered":"http:\/\/aftpumps.com\/product\/serie-rhd01\/"},"modified":"2020-09-08T22:50:34","modified_gmt":"2020-09-09T04:50:34","slug":"serie-rhd01","status":"publish","type":"product","link":"https:\/\/aftpumps.com\/es\/producto\/serie-rhd01\/","title":{"rendered":"Serie RHD01"},"content":{"rendered":"<h4>Caracter\u00edsticas<\/h4>\n<ul class=\"pb-3\">\n<li>Capacidad de manejo s\u00f3lidos: hasta un di\u00e1metro de 2\u201d (50.8 mm)<\/li>\n<li>Dispositivo integrado para accionamiento autom\u00e1tico<\/li>\n<li>Impulsor: Semi-abierto de doble vena en hierro fundido<\/li>\n<li>Fabricaci\u00f3n general en hierro gris para mayor durabilidad<\/li>\n<li>Descarga de 2\u201d con rosca tipo hembra NPT<\/li>\n<li>Motor de \u00be hp con ba\u00f1o de aceite, 115 Voltios 1 fase, 1750 RPM<\/li>\n<li>Consumo: 12 Amperios a plena carga<\/li>\n<li>Cojinetes sobre dimensionados y auto lubricados para mayor durabilidad<\/li>\n<li>Cable de conexi\u00f3n: SJTW 16\/3C<\/li>\n<li>Temperatura m\u00e1xima l\u00edquido: 40\u00b0C (104\u00b0F)<\/li>\n<\/ul>\n","protected":false},"excerpt":{"rendered":"<p>La bomba sumergible para aguas residuales RHD01-PWS7-W tiene caracter\u00edsticas hidr\u00e1ulicas que la hacen la opci\u00f3n ideal para transferencia y trasiego de agua en aplicaciones residenciales, comerciales y semi-industriales y en cualquier aplicaci\u00f3n de bombeo de aguas con s\u00f3lidos. Apta para trabajo continuo. Fabricada totalmente de hierro fundido<br \/>\npara una mayor durabilidad y \u00f3ptimo rendimiento.<\/p>\n<h3>Aplicaciones<\/h3>\n<ul>\n<li>Transferencia, remoci\u00f3n de efluentes y aguas negras.<\/li>\n<li>Recirculaci\u00f3n de agua en fuentes decorativas.<\/li>\n<li>Trasiegos de agua en la industria, la construcci\u00f3n y aplicaciones agr\u00edcolas.<\/li>\n<li>Drenado de fosas, zanjas y s\u00f3tanos con aguas sucias.<\/li>\n<\/ul>\n<p><img decoding=\"async\" src=\"https:\/\/aftpumps.com\/wp-content\/uploads\/2020\/04\/c-csa-us-logo-T-e1586876276605.png\" alt=\"CSA\" style=\"width: 80px; height: auto;\" class=\"alignnone size-thumbnail wp-image-12555\" \/><\/p>\n<p class=\"p1\"><span class=\"s1\">[download id=\"3919\" template=\"buttong\"]<\/span><\/p>\n","protected":false},"featured_media":1313,"template":"","meta":{"gtb_hide_title":false,"gtb_wrap_title":false,"gtb_class_title":"","gtb_remove_headerfooter":false},"product_brand":[],"product_cat":[100,98],"product_tag":[],"class_list":{"0":"post-1589","1":"product","2":"type-product","3":"status-publish","4":"has-post-thumbnail","6":"product_cat-serie-rh","7":"product_cat-solidos","9":"first","10":"instock","11":"shipping-taxable","12":"product-type-simple"},"aioseo_notices":[],"_links":{"self":[{"href":"https:\/\/aftpumps.com\/es\/wp-json\/wp\/v2\/product\/1589","targetHints":{"allow":["GET"]}}],"collection":[{"href":"https:\/\/aftpumps.com\/es\/wp-json\/wp\/v2\/product"}],"about":[{"href":"https:\/\/aftpumps.com\/es\/wp-json\/wp\/v2\/types\/product"}],"wp:featuredmedia":[{"embeddable":true,"href":"https:\/\/aftpumps.com\/es\/wp-json\/wp\/v2\/media\/1313"}],"wp:attachment":[{"href":"https:\/\/aftpumps.com\/es\/wp-json\/wp\/v2\/media?parent=1589"}],"wp:term":[{"taxonomy":"product_brand","embeddable":true,"href":"https:\/\/aftpumps.com\/es\/wp-json\/wp\/v2\/product_brand?post=1589"},{"taxonomy":"product_cat","embeddable":true,"href":"https:\/\/aftpumps.com\/es\/wp-json\/wp\/v2\/product_cat?post=1589"},{"taxonomy":"product_tag","embeddable":true,"href":"https:\/\/aftpumps.com\/es\/wp-json\/wp\/v2\/product_tag?post=1589"}],"curies":[{"name":"wp","href":"https:\/\/api.w.org\/{rel}","templated":true}]}}