{"id":1591,"date":"2019-07-18T12:12:28","date_gmt":"2019-07-18T18:12:28","guid":{"rendered":"http:\/\/aftpumps.com\/product\/serie-rhe02\/"},"modified":"2020-09-08T22:52:36","modified_gmt":"2020-09-09T04:52:36","slug":"serie-rhe02","status":"publish","type":"product","link":"https:\/\/aftpumps.com\/es\/producto\/serie-rhe02\/","title":{"rendered":"Serie RHE02"},"content":{"rendered":"<h4>Caracter\u00edsticas<\/h4>\n<ul>\n<li>Capacidad de manejo s\u00f3lidos: hasta un di\u00e1metro de 2\u201d (50.8 mm)<\/li>\n<li>Impulsor : Semi-abierto de doble aspa en hierro fundido<\/li>\n<li>Fabricaci\u00f3n general en hierro gris para mayor durabilidad<\/li>\n<li>Descarga de 3\u201d con rosca tipo hembra NPT<\/li>\n<li>Motor de 1 HP con ba\u00f1o de aceite, 230 Voltios, 1 fase, 1750 RPM<\/li>\n<li>Consumo: 11 Amperios a plena carga<\/li>\n<li>Cojinetes sobre dimensionados y auto lubricados para mayor durabilidad<\/li>\n<li>Cable de conexi\u00f3n: SJTW 14 AWG \/3C<\/li>\n<li>Temperatura m\u00e1xima l\u00edquido: 40\u00b0C (104\u00b0F)<\/li>\n<li>Peso Aproximado: 77lbs. (35 kgs.)<\/li>\n<\/ul>\n","protected":false},"excerpt":{"rendered":"<p>La bomba sumergible para aguas residuales RHE02-PWS9-M tiene caracter\u00edsticas hidr\u00e1ulicas que la hacen la opci\u00f3n ideal para transferencia y trasiego de agua en aplicaciones<br \/>\ncomerciales, rurales e industriales y en cualquier aplicaci\u00f3n de bombeo de aguas con s\u00f3lidos. Apta para trabajo\u00a0 ontinuo,<br \/>\nFabricada totalmente de hierro fundido para una mayor durabilidad y \u00f3ptimo rendimiento, hidr\u00e1ulicamente tiene<br \/>\nun dise\u00f1o adecuado para el trasiego, trasferencia y lavado de granos en aplicaciones agr\u00edcolas.<\/p>\n<h3>Aplicaciones<\/h3>\n<ul>\n<li>Transferencia , remoci\u00f3n de efluentes y Aguas negras.<\/li>\n<li>Trasiegos de agua en la industria, la construcci\u00f3n y aplicaciones agr\u00edcolas.<\/li>\n<li>Drenado de fosas, zanjas y s\u00f3tanos con aguas sucias.<\/li>\n<li>Ideal para el manejo de altos caudales.<\/li>\n<li>La mejor opci\u00f3n para procesos en beneficios de caf\u00e9 debido a su dise\u00f1o y tipo de impulsor.<\/li>\n<\/ul>\n<p><img decoding=\"async\" src=\"https:\/\/aftpumps.com\/wp-content\/uploads\/2020\/04\/c-csa-us-logo-T-e1586876276605.png\" alt=\"CSA\" style=\"width: 80px; height: auto;\" class=\"alignnone size-thumbnail wp-image-12555\" \/><\/p>\n<p class=\"p1\"><span class=\"s1\">[download id=\"3915\" template=\"buttong\"]<\/span><\/p>\n","protected":false},"featured_media":1312,"template":"","meta":{"gtb_hide_title":false,"gtb_wrap_title":false,"gtb_class_title":"","gtb_remove_headerfooter":false},"product_brand":[],"product_cat":[100,98],"product_tag":[],"class_list":{"0":"post-1591","1":"product","2":"type-product","3":"status-publish","4":"has-post-thumbnail","6":"product_cat-serie-rh","7":"product_cat-solidos","9":"first","10":"instock","11":"shipping-taxable","12":"product-type-simple"},"aioseo_notices":[],"_links":{"self":[{"href":"https:\/\/aftpumps.com\/es\/wp-json\/wp\/v2\/product\/1591","targetHints":{"allow":["GET"]}}],"collection":[{"href":"https:\/\/aftpumps.com\/es\/wp-json\/wp\/v2\/product"}],"about":[{"href":"https:\/\/aftpumps.com\/es\/wp-json\/wp\/v2\/types\/product"}],"wp:featuredmedia":[{"embeddable":true,"href":"https:\/\/aftpumps.com\/es\/wp-json\/wp\/v2\/media\/1312"}],"wp:attachment":[{"href":"https:\/\/aftpumps.com\/es\/wp-json\/wp\/v2\/media?parent=1591"}],"wp:term":[{"taxonomy":"product_brand","embeddable":true,"href":"https:\/\/aftpumps.com\/es\/wp-json\/wp\/v2\/product_brand?post=1591"},{"taxonomy":"product_cat","embeddable":true,"href":"https:\/\/aftpumps.com\/es\/wp-json\/wp\/v2\/product_cat?post=1591"},{"taxonomy":"product_tag","embeddable":true,"href":"https:\/\/aftpumps.com\/es\/wp-json\/wp\/v2\/product_tag?post=1591"}],"curies":[{"name":"wp","href":"https:\/\/api.w.org\/{rel}","templated":true}]}}