{"id":1594,"date":"2019-07-10T12:29:52","date_gmt":"2019-07-10T18:32:52","guid":{"rendered":"http:\/\/aftpumps.com\/product\/serie-sh\/"},"modified":"2022-01-20T10:16:13","modified_gmt":"2022-01-20T16:16:13","slug":"serie-sh","status":"publish","type":"product","link":"https:\/\/aftpumps.com\/es\/producto\/serie-sh\/","title":{"rendered":"Serie SH"},"content":{"rendered":"<h4>Caracter\u00edsticas<\/h4>\n<ul class=\"pb-3\">\n<li>Capacidad de manejo s\u00f3lidos hasta un di\u00e1metro de \u00bd\u201d<br \/>\n(127 mm).<\/li>\n<li>Dispositivo integrado para accionamiento autom\u00e1tico.<\/li>\n<li>Impulsor tipo Vortex de hierro fundido.<\/li>\n<li>Fabricaci\u00f3n general en hierro gris para mayor durabilidad.<\/li>\n<li>Descarga de 1 \u00bd\u201d con rosca tipo hembra NPT.<\/li>\n<li>Motor de \u00bd HP con ba\u00f1o de aceite, 115 Voltios, 1 fase, 1750 RPM.<\/li>\n<li>Consumo 5 amperios a plena carga.<\/li>\n<li>Rodamientos en auto dimensionados y lubricados para mayor durabilidad.<\/li>\n<li>Conexi\u00f3n del cable: SJTW 18 \/ 3C<\/li>\n<li>Temperatura m\u00e1xima del l\u00edquido: 40 \u00b0 C (104 \u00b0 F)<\/li>\n<li>Peso aproximado: 33 lbs. (15 kgs.)<\/li>\n<\/ul>\n","protected":false},"excerpt":{"rendered":"<p>La bomba de drenaje sumergible SHC01-DC250-W tiene caracter\u00edsticas hidr\u00e1ulicas que la hacen ideal para la transferencia y el movimiento de agua en aplicaciones residenciales, comerciales y semiindustriales y cualquier aplicaci\u00f3n de bombeo de agua con opci\u00f3n s\u00f3lida. Adecuado para trabajos continuos. Hecho completamente de hierro fundido para una mayor durabilidad y un rendimiento \u00f3ptimo.<\/p>\n<h3>Aplicaciones<\/h3>\n<ul>\n<li>Transferencia de agua en sumideros.<\/li>\n<li>Recirculaci\u00f3n de agua en fuentes decorativas.<\/li>\n<li>Trasiegos de agua en la industria, la construcci\u00f3n<br \/>\ny aplicaciones agr\u00edcolas.<\/li>\n<li>Drenado de fosas, zanjas y s\u00f3tanos con aguas sucias.<\/li>\n<li>Rango de operaci\u00f3n recomendado de 10&#8242; a 25&#8242; pies<br \/>\nde altura ( 3 a 7 mts).<\/li>\n<\/ul>\n<p><img decoding=\"async\" class=\"alignnone size-thumbnail wp-image-12555\" style=\"width: 80px; height: auto;\" src=\"https:\/\/aftpumps.com\/wp-content\/uploads\/2020\/04\/c-csa-us-logo-T-e1586876276605.png\" alt=\"CSA\" \/><\/p>\n<p><span class=\"s1\">[download id=\"3895\" template=\"buttong\"]<\/span><\/p>\n<p><span class=\"s1\">[download id=\"13468\" template=\"buttong\"]<\/span><\/p>\n","protected":false},"featured_media":13461,"template":"","meta":{"gtb_hide_title":false,"gtb_wrap_title":false,"gtb_class_title":"","gtb_remove_headerfooter":false},"product_brand":[],"product_cat":[101,98],"product_tag":[],"class_list":{"0":"post-1594","1":"product","2":"type-product","3":"status-publish","4":"has-post-thumbnail","6":"product_cat-serie-sh","7":"product_cat-solidos","9":"first","10":"instock","11":"featured","12":"shipping-taxable","13":"product-type-simple"},"aioseo_notices":[],"_links":{"self":[{"href":"https:\/\/aftpumps.com\/es\/wp-json\/wp\/v2\/product\/1594","targetHints":{"allow":["GET"]}}],"collection":[{"href":"https:\/\/aftpumps.com\/es\/wp-json\/wp\/v2\/product"}],"about":[{"href":"https:\/\/aftpumps.com\/es\/wp-json\/wp\/v2\/types\/product"}],"wp:featuredmedia":[{"embeddable":true,"href":"https:\/\/aftpumps.com\/es\/wp-json\/wp\/v2\/media\/13461"}],"wp:attachment":[{"href":"https:\/\/aftpumps.com\/es\/wp-json\/wp\/v2\/media?parent=1594"}],"wp:term":[{"taxonomy":"product_brand","embeddable":true,"href":"https:\/\/aftpumps.com\/es\/wp-json\/wp\/v2\/product_brand?post=1594"},{"taxonomy":"product_cat","embeddable":true,"href":"https:\/\/aftpumps.com\/es\/wp-json\/wp\/v2\/product_cat?post=1594"},{"taxonomy":"product_tag","embeddable":true,"href":"https:\/\/aftpumps.com\/es\/wp-json\/wp\/v2\/product_tag?post=1594"}],"curies":[{"name":"wp","href":"https:\/\/api.w.org\/{rel}","templated":true}]}}