{"id":1596,"date":"2019-07-10T12:31:23","date_gmt":"2019-07-10T18:31:23","guid":{"rendered":"http:\/\/aftpumps.com\/product\/serie-eh\/"},"modified":"2021-02-03T15:30:58","modified_gmt":"2021-02-03T21:30:58","slug":"serie-eh","status":"publish","type":"product","link":"https:\/\/aftpumps.com\/es\/producto\/serie-eh\/","title":{"rendered":"Serie EH"},"content":{"rendered":"<h4>Caracter\u00edsticas<\/h4>\n<ul class=\"pb-3\">\n<li>Capacidad de manejo s\u00f3lidos: hasta un di\u00e1metro de 3\/4\u201d (19 mm)<\/li>\n<li>Impulsor: Semi-abierto de doble aspa en hierro fundido<\/li>\n<li>Fabricaci\u00f3n general en hierro gris para mayor durabilidad<\/li>\n<li>Descarga de 2\u201d con rosca tipo hembra NPT<\/li>\n<li>Motor de 1 HP con ba\u00f1o de aceite, 230 V, 1 Fase, 3450 RPM<\/li>\n<li>Consumo: 12 Amperios a plena carga<\/li>\n<li>Cojinetes sobre dimensionados y auto lubricados para mayor durabilidad<\/li>\n<li>Cable de conexi\u00f3n: SJTOW 16\/3C de 20\u2019 pies<\/li>\n<li>Temperatura m\u00e1xima l\u00edquido: 40\u00b0C (104\u00b0F)<\/li>\n<li>Peso Aproximado: 65 lbs. (29.5 kgs.)<\/li>\n<\/ul>\n","protected":false},"excerpt":{"rendered":"<p>La bomba sumergible para efluentes EHE02-PW7-M tiene caracter\u00edsticas hidr\u00e1ulicas que la hacen la opci\u00f3n ideal para transferencia y trasiego de agua en aplicaciones comerciales y e industriales y en cualquier aplicaci\u00f3n de bombeo de<br \/>\naguas con s\u00f3lidos en donde se manejen altas cargas. Apta para trabajo continuo. Fabricada totalmente de hierro fundido para una mayor durabilidad y \u00f3ptimo rendimiento.<\/p>\n<h3>Aplicaciones<\/h3>\n<ul>\n<li>Remoci\u00f3n de Efluentes y aguas negras.<\/li>\n<li>Trasiegos de agua en la industria, la construcci\u00f3n y aplicaciones agr\u00edcolas de alta carga.<\/li>\n<li>Drenado de fosas, zanja, s\u00f3tanos y control de inundaciones.<\/li>\n<\/ul>\n<p><img decoding=\"async\" width=\"150\" height=\"150\" src=\"https:\/\/aftpumps.com\/wp-content\/uploads\/2020\/04\/c-csa-us-logo-T-150x150.png\" alt=\"CSA\" style=\"width: 80px; height: auto;\" class=\"alignnone size-thumbnail wp-image-12555\" srcset=\"https:\/\/aftpumps.com\/wp-content\/uploads\/2020\/04\/c-csa-us-logo-T-150x150.png 150w, https:\/\/aftpumps.com\/wp-content\/uploads\/2020\/04\/c-csa-us-logo-T-100x100.png 100w\" sizes=\"(max-width: 150px) 100vw, 150px\" \/><\/p>\n<p class=\"p1\"><span class=\"s1\">[download id=\"9264\" template=\"buttong\"]<\/span><\/p>\n","protected":false},"featured_media":1316,"template":"","meta":{"gtb_hide_title":false,"gtb_wrap_title":false,"gtb_class_title":"","gtb_remove_headerfooter":false},"product_brand":[],"product_cat":[99,98],"product_tag":[],"class_list":{"0":"post-1596","1":"product","2":"type-product","3":"status-publish","4":"has-post-thumbnail","6":"product_cat-serie-eh","7":"product_cat-solidos","9":"first","10":"instock","11":"shipping-taxable","12":"product-type-simple"},"aioseo_notices":[],"_links":{"self":[{"href":"https:\/\/aftpumps.com\/es\/wp-json\/wp\/v2\/product\/1596","targetHints":{"allow":["GET"]}}],"collection":[{"href":"https:\/\/aftpumps.com\/es\/wp-json\/wp\/v2\/product"}],"about":[{"href":"https:\/\/aftpumps.com\/es\/wp-json\/wp\/v2\/types\/product"}],"wp:featuredmedia":[{"embeddable":true,"href":"https:\/\/aftpumps.com\/es\/wp-json\/wp\/v2\/media\/1316"}],"wp:attachment":[{"href":"https:\/\/aftpumps.com\/es\/wp-json\/wp\/v2\/media?parent=1596"}],"wp:term":[{"taxonomy":"product_brand","embeddable":true,"href":"https:\/\/aftpumps.com\/es\/wp-json\/wp\/v2\/product_brand?post=1596"},{"taxonomy":"product_cat","embeddable":true,"href":"https:\/\/aftpumps.com\/es\/wp-json\/wp\/v2\/product_cat?post=1596"},{"taxonomy":"product_tag","embeddable":true,"href":"https:\/\/aftpumps.com\/es\/wp-json\/wp\/v2\/product_tag?post=1596"}],"curies":[{"name":"wp","href":"https:\/\/api.w.org\/{rel}","templated":true}]}}