{"id":1599,"date":"2019-07-10T13:32:59","date_gmt":"2019-07-10T19:32:59","guid":{"rendered":"http:\/\/aftpumps.com\/product\/serie-vt\/"},"modified":"2022-02-03T12:49:21","modified_gmt":"2022-02-03T18:49:21","slug":"serie-vt","status":"publish","type":"product","link":"https:\/\/aftpumps.com\/es\/producto\/serie-vt\/","title":{"rendered":"Serie VT"},"content":{"rendered":"<h4>Caracter\u00edsticas<\/h4>\n<ul>\n<li>Tazones de hierro fundido de alta resistencia.<\/li>\n<li>Impulsores de bronce resistentes a la abrasi\u00f3n<\/li>\n<li>Altas eficiencias hidr\u00e1ulicas reducen el consumo de energ\u00eda<\/li>\n<li>Cumplen con los m\u00e1s exigentes est\u00e1ndares internacionales aplicables.<\/li>\n<li>Lubricaci\u00f3n por agua bombeada o por aceite.<\/li>\n<li>Acoplable a motor el\u00e9ctrico vertical VHS o a motor de combusti\u00f3n estacionario a trav\u00e9s de cabezal de engranes.<\/li>\n<li>No requiere de cebado.<\/li>\n<li>Cabezales de descarga en hierro fundido o<br \/>\nacero maquinado.<\/li>\n<\/ul>\n<h4>Condiciones de operaci\u00f3n<\/h4>\n<ul>\n<li>Profundidad M\u00e1xima Recomendada de Columna: 500 pies (150 metros).<\/li>\n<li>Amplios rangos de caudales.<\/li>\n<li>Materiales especiales para aplicaciones dif\u00edciles.<\/li>\n<li>Temperatura: Hasta 250\u00b0F (120\u00b0C).<\/li>\n<li>Caudales hasta 3500 GPM.<\/li>\n<\/ul>\n","protected":false},"excerpt":{"rendered":"<p>Las bombas de turbina vertical AFT son construidas con los materiales m\u00e1s resistentes, con dise\u00f1os de alta eficiencia para instalarse en pozos mec\u00e1nicos, cisternas y reservorios para las aplicaciones m\u00e1s demandantes.<\/p>\n<p>Se recomiendan para aplicaciones en donde se requiere caudales considerables y altas cargas de bombeo.<\/p>\n<h3>Aplicaciones<\/h3>\n<ul>\n<li>Pozos mec\u00e1nicos<\/li>\n<li>Cisternas<\/li>\n<li>Reservorios<\/li>\n<li>Irrigaci\u00f3n Agr\u00edcola<\/li>\n<li>Industria y Miner\u00eda<\/li>\n<li>Pozos Municipales<\/li>\n<li>Sistema contra Incendio<\/li>\n<\/ul>\n[download id=\"12489\" template=\"buttong\"]\n[download id=\"13482\" template=\"buttong\"]\n","protected":false},"featured_media":1309,"template":"","meta":{"gtb_hide_title":false,"gtb_wrap_title":false,"gtb_class_title":"","gtb_remove_headerfooter":false},"product_brand":[],"product_cat":[97,96],"product_tag":[],"class_list":{"0":"post-1599","1":"product","2":"type-product","3":"status-publish","4":"has-post-thumbnail","6":"product_cat-serie-vt","7":"product_cat-turbinas-verticales","9":"first","10":"instock","11":"featured","12":"shipping-taxable","13":"product-type-simple"},"aioseo_notices":[],"_links":{"self":[{"href":"https:\/\/aftpumps.com\/es\/wp-json\/wp\/v2\/product\/1599","targetHints":{"allow":["GET"]}}],"collection":[{"href":"https:\/\/aftpumps.com\/es\/wp-json\/wp\/v2\/product"}],"about":[{"href":"https:\/\/aftpumps.com\/es\/wp-json\/wp\/v2\/types\/product"}],"wp:featuredmedia":[{"embeddable":true,"href":"https:\/\/aftpumps.com\/es\/wp-json\/wp\/v2\/media\/1309"}],"wp:attachment":[{"href":"https:\/\/aftpumps.com\/es\/wp-json\/wp\/v2\/media?parent=1599"}],"wp:term":[{"taxonomy":"product_brand","embeddable":true,"href":"https:\/\/aftpumps.com\/es\/wp-json\/wp\/v2\/product_brand?post=1599"},{"taxonomy":"product_cat","embeddable":true,"href":"https:\/\/aftpumps.com\/es\/wp-json\/wp\/v2\/product_cat?post=1599"},{"taxonomy":"product_tag","embeddable":true,"href":"https:\/\/aftpumps.com\/es\/wp-json\/wp\/v2\/product_tag?post=1599"}],"curies":[{"name":"wp","href":"https:\/\/api.w.org\/{rel}","templated":true}]}}