{"id":1600,"date":"2019-07-10T13:06:09","date_gmt":"2019-07-10T19:06:09","guid":{"rendered":"http:\/\/aftpumps.com\/product\/serie-st\/"},"modified":"2022-02-03T12:50:48","modified_gmt":"2022-02-03T18:50:48","slug":"serie-st","status":"publish","type":"product","link":"https:\/\/aftpumps.com\/es\/producto\/serie-st\/","title":{"rendered":"Serie ST"},"content":{"rendered":"<h4>Caracter\u00edsticas<\/h4>\n<ul>\n<li>Impulsores en bronce y tazones de acero fundido tipo pesado que cumple con est\u00e1ndares ASTM<\/li>\n<li>Tazones bridados para mayor resistencia de la unidad de bombeo<\/li>\n<li>Tazones revestidos internamente para menor fricci\u00f3n y mayores eficiencias hidr\u00e1ulicas<\/li>\n<li>Descarga hembra tipo NPT<\/li>\n<li>Eje de Acero Inoxidable 416<\/li>\n<li>Perfecta alineaci\u00f3n con motores sumergibles con brida NEMA est\u00e1ndar<\/li>\n<\/ul>\n<h4>Operating conditions<\/h4>\n<ul>\n<li>Ideal para pozos profundos y aplicaciones<br \/>\ndonde se requieren altos caudales<\/li>\n<li>Se recomienda para uso con agua limpia con<br \/>\nm\u00ednimas cantidades de abrasivos presentes.<\/li>\n<li>Temperatura de trabajo: Hasta 140\u00b0F (60\u00b0C)*<br \/>\n* Debido a limitaciones del motor sumergible<\/li>\n<\/ul>\n","protected":false},"excerpt":{"rendered":"<p>Las Bombas Sumergibles Tipo Turbina AFT est\u00e1n fabricadas con los materiales m\u00e1s resistentes que proveen durabilidad bajo las condiciones m\u00e1s extremas. Pueden ser usadas en aplicaciones en donde se requiere bajo mantenimiento y alta confiabilidad. Las ingenier\u00eda de AFT permite que sus bombas logren las m\u00e1s altas eficiencias hidr\u00e1ulicas para obtener importantes ahorros de energ\u00eda<\/p>\n<h3>Aplicaciones<\/h3>\n<ul>\n<li>Aplicaciones exigentes municipales e industriales<\/li>\n<li>Construcci\u00f3n y miner\u00eda<\/li>\n<li>Producci\u00f3n de agua potable en pozos profundos<\/li>\n<li>Aplicaciones de emergencia en sistemas contra incendio<\/li>\n<li>Irrigaci\u00f3n y subestaciones de rebombeo<\/li>\n<\/ul>\n[download id=\"9255\" template=\"buttong\"]\n[download id=\"13487\" template=\"buttong\"]\n","protected":false},"featured_media":1310,"template":"","meta":{"gtb_hide_title":false,"gtb_wrap_title":false,"gtb_class_title":"","gtb_remove_headerfooter":false},"product_brand":[],"product_cat":[76,93],"product_tag":[],"class_list":{"0":"post-1600","1":"product","2":"type-product","3":"status-publish","4":"has-post-thumbnail","6":"product_cat-bombas-sumergibles","7":"product_cat-serie-st","9":"first","10":"instock","11":"shipping-taxable","12":"product-type-simple"},"aioseo_notices":[],"_links":{"self":[{"href":"https:\/\/aftpumps.com\/es\/wp-json\/wp\/v2\/product\/1600","targetHints":{"allow":["GET"]}}],"collection":[{"href":"https:\/\/aftpumps.com\/es\/wp-json\/wp\/v2\/product"}],"about":[{"href":"https:\/\/aftpumps.com\/es\/wp-json\/wp\/v2\/types\/product"}],"wp:featuredmedia":[{"embeddable":true,"href":"https:\/\/aftpumps.com\/es\/wp-json\/wp\/v2\/media\/1310"}],"wp:attachment":[{"href":"https:\/\/aftpumps.com\/es\/wp-json\/wp\/v2\/media?parent=1600"}],"wp:term":[{"taxonomy":"product_brand","embeddable":true,"href":"https:\/\/aftpumps.com\/es\/wp-json\/wp\/v2\/product_brand?post=1600"},{"taxonomy":"product_cat","embeddable":true,"href":"https:\/\/aftpumps.com\/es\/wp-json\/wp\/v2\/product_cat?post=1600"},{"taxonomy":"product_tag","embeddable":true,"href":"https:\/\/aftpumps.com\/es\/wp-json\/wp\/v2\/product_tag?post=1600"}],"curies":[{"name":"wp","href":"https:\/\/api.w.org\/{rel}","templated":true}]}}